{"id":1574,"date":"2019-01-10T16:25:18","date_gmt":"2019-01-10T16:25:18","guid":{"rendered":"https:\/\/isaporidellacollinaditorino.com\/?page_id=1574"},"modified":"2021-01-03T20:38:42","modified_gmt":"2021-01-03T20:38:42","slug":"home-page","status":"publish","type":"page","link":"https:\/\/isaporidellacollinaditorino.com\/de\/","title":{"rendered":"Home Page"},"content":{"rendered":"<p>[et_pb_section fb_built=&#8220;1&#8243; admin_label=&#8220;section&#8220; _builder_version=&#8220;3.22&#8243; custom_padding=&#8220;0|0px|0|0px|false|false&#8220;][et_pb_row module_id=&#8220;HomePageSlider&#8220; _builder_version=&#8220;3.25&#8243; parallax=&#8220;on&#8220; width=&#8220;100%&#8220; max_width=&#8220;100%&#8220; custom_padding=&#8220;0|0px|0|0px|false|false&#8220; use_custom_width=&#8220;on&#8220; width_unit=&#8220;off&#8220; custom_width_percent=&#8220;100%&#8220;][et_pb_column type=&#8220;4_4&#8243; _builder_version=&#8220;3.25&#8243; custom_padding=&#8220;|||&#8220; custom_padding__hover=&#8220;|||&#8220;][et_pb_slider module_class=&#8220;HomePageSlider&#8220; _builder_version=&#8220;3.19.12&#8243; background_image=&#8220;https:\/\/isaporidellacollinaditorino.com\/wp-content\/uploads\/2019\/02\/ImgHP_2019.jpg&#8220; parallax=&#8220;on&#8220; parallax_method=&#8220;on&#8220;][et_pb_slide _builder_version=&#8220;3.19.12&#8243; background_color=&#8220;rgba(255,255,255,0)&#8220; sticky_transition=&#8220;on&#8220;][\/et_pb_slide][\/et_pb_slider][\/et_pb_column][\/et_pb_row][et_pb_row _builder_version=&#8220;4.7.7&#8243; custom_padding=&#8220;0|0px|62px|0px|false|false&#8220; hover_enabled=&#8220;0&#8243; disabled_on=&#8220;on|on|on&#8220; disabled=&#8220;on&#8220; sticky_enabled=&#8220;0&#8243;][et_pb_column type=&#8220;4_4&#8243; _builder_version=&#8220;3.25&#8243; custom_padding=&#8220;|||&#8220; custom_padding__hover=&#8220;|||&#8220;][et_pb_text _builder_version=&#8220;3.27.4&#8243;]<\/p>\n<h1 style=\"text-align: center;\"><\/h1>\n<h1 style=\"text-align: center;\"><\/h1>\n<h1 style=\"text-align: center;\">UNSERE PRODUKTE<\/h1>\n<p>[\/et_pb_text][et_pb_shop posts_number=&#8220;4&#8243; orderby=&#8220;menu_order&#8220; _builder_version=&#8220;3.25.3&#8243; text_orientation=&#8220;center&#8220;][\/et_pb_shop][et_pb_cta title=&#8220;Entdecken Sie unsere Produkte und kommen Sie bald online&#8220; button_url=&#8220;https:\/\/isaporidellacollinaditorino.com\/de\/katalog\/&#8220; button_text=&#8220;Gehe zum Katalog&#8220; _builder_version=&#8220;3.19.4&#8243; header_level=&#8220;h3&#8243; header_font=&#8220;||||||||&#8220; body_font=&#8220;||||||||&#8220; background_image=&#8220;https:\/\/isaporidellacollinaditorino.com\/wp-content\/uploads\/2018\/07\/rect1381-1-2.png&#8220; parallax=&#8220;on&#8220; custom_button=&#8220;on&#8220; button_text_size=&#8220;17px&#8220; button_bg_color=&#8220;rgba(0,0,0,0)&#8220; button_border_width=&#8220;2px&#8220; button_border_color=&#8220;#ffffff&#8220; button_border_radius=&#8220;4px&#8220; button_font=&#8220;||||||||&#8220; button_alignment=&#8220;center&#8220; link_option_url=&#8220;https:\/\/isaporidellacollinaditorino.com\/de\/katalog\/&#8220; border_radii=&#8220;on|15px|15px|15px|15px&#8220;][\/et_pb_cta][\/et_pb_column][\/et_pb_row][et_pb_row _builder_version=&#8220;3.25&#8243; custom_padding=&#8220;0|0px|20px|0px|false|false&#8220; column_structure=&#8220;1_3,1_3,1_3&#8243;][et_pb_column type=&#8220;1_3&#8243; _builder_version=&#8220;3.25&#8243; custom_padding=&#8220;|||&#8220; custom_padding__hover=&#8220;|||&#8220;][et_pb_text _builder_version=&#8220;3.27.4&#8243; text_font=&#8220;||||||||&#8220; text_text_color=&#8220;#ffffff&#8220; header_font=&#8220;||||||||&#8220; header_text_color=&#8220;#ffffff&#8220; header_3_font=&#8220;||||||||&#8220; header_3_text_color=&#8220;rgba(255,255,255,0.87)&#8220; background_image=&#8220;https:\/\/isaporidellacollinaditorino.com\/wp-content\/uploads\/2018\/07\/caniGrey-1.png&#8220; custom_margin=&#8220;0px||0px&#8220; custom_padding=&#8220;100px||100px&#8220; link_option_url=&#8220;https:\/\/isaporidellacollinaditorino.com\/de\/ausbildung-zum-truffelhund-2\/&#8220; border_radii=&#8220;on|50px|50px|50px|50px&#8220;]<\/p>\n<header class=\"entry-header with_featured_img\">\n<div class=\"row\">\n<div class=\"large-8 large-centered columns without-sidebar\">\n<h3 class=\"entry-title\" style=\"text-align: center;\">Ausbildung zum truffelhund<\/h3>\n<\/div>\n<\/div>\n<\/header>\n<article id=\"post-1098\" class=\"post-1098 page type-page status-publish has-post-thumbnail hentry\">\n<div class=\"row\">\n<div class=\"large-12 columns\">\n<div class=\"entry-content\"><\/div>\n<\/div>\n<\/div>\n<\/article>\n<p>[\/et_pb_text][\/et_pb_column][et_pb_column type=&#8220;1_3&#8243; _builder_version=&#8220;3.25&#8243; custom_padding=&#8220;|||&#8220; custom_padding__hover=&#8220;|||&#8220;][et_pb_text _builder_version=&#8220;3.27.4&#8243; text_font=&#8220;||||||||&#8220; text_text_color=&#8220;#ffffff&#8220; header_font=&#8220;||||||||&#8220; header_text_color=&#8220;#ffffff&#8220; header_3_font=&#8220;||||||||&#8220; header_3_text_color=&#8220;rgba(255,255,255,0.87)&#8220; background_image=&#8220;https:\/\/isaporidellacollinaditorino.com\/wp-content\/uploads\/2018\/07\/pianteGrey-1.png&#8220; custom_margin=&#8220;0px||0px&#8220; custom_padding=&#8220;100px||100px&#8220; link_option_url=&#8220;https:\/\/isaporidellacollinaditorino.com\/de\/mykorrhizierte-truffelpflanzen-2\/&#8220; border_radii=&#8220;on|50px|50px|50px|50px&#8220;]<\/p>\n<header class=\"entry-header with_featured_img\">\n<div class=\"row\">\n<div class=\"large-8 large-centered columns without-sidebar\">\n<h3 class=\"entry-title\" style=\"text-align: center;\">Mykorrhizierte truffelpflanzen<\/h3>\n<\/div>\n<\/div>\n<\/header>\n<article id=\"post-1099\" class=\"post-1099 page type-page status-publish has-post-thumbnail hentry\">\n<div class=\"row\">\n<div class=\"large-12 columns\">\n<div class=\"entry-content\"><\/div>\n<\/div>\n<\/div>\n<\/article>\n<p>[\/et_pb_text][\/et_pb_column][et_pb_column type=&#8220;1_3&#8243; _builder_version=&#8220;3.25&#8243; custom_padding=&#8220;|||&#8220; custom_padding__hover=&#8220;|||&#8220;][et_pb_text _builder_version=&#8220;3.27.4&#8243; text_font=&#8220;||||||||&#8220; text_text_color=&#8220;#ffffff&#8220; header_font=&#8220;||||||||&#8220; header_text_color=&#8220;#ffffff&#8220; header_3_font=&#8220;||||||||&#8220; header_3_text_color=&#8220;rgba(255,255,255,0.87)&#8220; background_image=&#8220;https:\/\/isaporidellacollinaditorino.com\/wp-content\/uploads\/2018\/07\/rect1381-1-2.png&#8220; custom_margin=&#8220;0px||0px&#8220; custom_padding=&#8220;100px||100px&#8220; link_option_url=&#8220;https:\/\/isaporidellacollinaditorino.com\/de\/tartufo-turismo\/&#8220; border_radii=&#8220;on|50px|50px|50px|50px&#8220;]<\/p>\n<h3 class=\"entry-title\" style=\"text-align: center;\">Tr\u00fcffel-Tourism<\/h3>\n<p>[\/et_pb_text][\/et_pb_column][\/et_pb_row][et_pb_row _builder_version=&#8220;3.25&#8243; custom_padding=&#8220;0|0px|49px|0px|false|false&#8220; column_structure=&#8220;1_3,1_3,1_3&#8243;][et_pb_column type=&#8220;1_3&#8243; _builder_version=&#8220;3.25&#8243; custom_padding=&#8220;|||&#8220; custom_padding__hover=&#8220;|||&#8220;][et_pb_text _builder_version=&#8220;3.27.4&#8243; text_font=&#8220;||||||||&#8220; text_text_color=&#8220;#ffffff&#8220; header_font=&#8220;||||||||&#8220; header_text_color=&#8220;#ffffff&#8220; header_3_font=&#8220;||||||||&#8220; header_3_text_color=&#8220;rgba(255,255,255,0.87)&#8220; background_image=&#8220;https:\/\/isaporidellacollinaditorino.com\/wp-content\/uploads\/2018\/07\/assGrey.png&#8220; custom_margin=&#8220;0px||0px&#8220; custom_padding=&#8220;100px||100px&#8220; link_option_url=&#8220;https:\/\/isaporidellacollinaditorino.com\/de\/associazione-tartufai\/&#8220; border_radii=&#8220;on|50px|50px|50px|50px&#8220;]<\/p>\n<h3 class=\"entry-title\" style=\"text-align: center;\">Verein Trifole&amp;Trifol\u00e8 im Gro\u00dfraum von Turin<\/h3>\n<p>[\/et_pb_text][\/et_pb_column][et_pb_column type=&#8220;1_3&#8243; _builder_version=&#8220;3.25&#8243; custom_padding=&#8220;|||&#8220; custom_padding__hover=&#8220;|||&#8220;][et_pb_text _builder_version=&#8220;3.27.4&#8243; text_font=&#8220;||||||||&#8220; text_text_color=&#8220;#ffffff&#8220; header_font=&#8220;||||||||&#8220; header_text_color=&#8220;#ffffff&#8220; header_3_font=&#8220;||||||||&#8220; header_3_text_color=&#8220;rgba(255,255,255,0.87)&#8220; background_image=&#8220;https:\/\/isaporidellacollinaditorino.com\/wp-content\/uploads\/2018\/07\/rect1381-1-2.png&#8220; custom_margin=&#8220;0px||0px&#8220; custom_padding=&#8220;100px||100px&#8220; link_option_url=&#8220;https:\/\/isaporidellacollinaditorino.com\/de\/the-history-of-truffle\/&#8220; border_radii=&#8220;on|50px|50px|50px|50px&#8220;]<\/p>\n<h3 class=\"entry-title\" style=\"text-align: center;\">Die Tr\u00fcffel<\/h3>\n<p>[\/et_pb_text][\/et_pb_column][et_pb_column type=&#8220;1_3&#8243; _builder_version=&#8220;3.25&#8243; custom_padding=&#8220;|||&#8220; custom_padding__hover=&#8220;|||&#8220;][\/et_pb_column][\/et_pb_row][\/et_pb_section][et_pb_section fb_built=&#8220;1&#8243; _builder_version=&#8220;3.22&#8243; custom_padding=&#8220;0|0px|0|0px|false|false&#8220;][et_pb_row column_structure=&#8220;1_4,1_4,1_4,1_4&#8243; disabled_on=&#8220;off|off|off&#8220; _builder_version=&#8220;4.4.3&#8243; background_color=&#8220;#1e1e1e&#8220; background_image=&#8220;https:\/\/isaporidellacollinaditorino.com\/wp-content\/uploads\/2018\/05\/BANNER_TorinoGrey-1-e1528386801986-1.jpg&#8220; background_position=&#8220;top_center&#8220; background_blend=&#8220;overlay&#8220; width=&#8220;100%&#8220; max_width=&#8220;100%&#8220; module_alignment=&#8220;center&#8220; custom_margin=&#8220;|||0px&#8220; custom_padding=&#8220;35px|0px|27px|0px|false|false&#8220; use_custom_width=&#8220;on&#8220; width_unit=&#8220;off&#8220; custom_width_percent=&#8220;100%&#8220; global_module=&#8220;1907&#8243; saved_tabs=&#8220;all&#8220;][et_pb_column type=&#8220;1_4&#8243; _builder_version=&#8220;3.25&#8243; custom_padding=&#8220;|||&#8220; custom_padding__hover=&#8220;|||&#8220;][\/et_pb_column][et_pb_column type=&#8220;1_4&#8243; _builder_version=&#8220;3.25&#8243; custom_padding=&#8220;|||&#8220; custom_padding__hover=&#8220;|||&#8220;][et_pb_image src=&#8220;https:\/\/isaporidellacollinaditorino.com\/wp-content\/uploads\/2018\/05\/image823.png&#8220; show_bottom_space=&#8220;off&#8220; align_tablet=&#8220;center&#8220; align_phone=&#8220;&#8220; align_last_edited=&#8220;on|desktop&#8220; _builder_version=&#8220;3.23&#8243; max_width=&#8220;22%&#8220; module_alignment=&#8220;center&#8220; custom_margin=&#8220;0px||15px&#8220; border_radii=&#8220;on|21px|21px|21px|21px&#8220;][\/et_pb_image][et_pb_text _builder_version=&#8220;3.27.4&#8243; text_font=&#8220;||on||||||&#8220; text_text_color=&#8220;rgba(255,255,255,0.87)&#8220; header_font=&#8220;||||||||&#8220; max_width=&#8220;90%&#8220; module_alignment=&#8220;center&#8220; custom_margin=&#8220;|||25px&#8220; text_font_size_last_edited=&#8220;off|desktop&#8220;]<\/p>\n<p style=\"text-align: center;\">\u201cFin da bambino seguivo mio nonno che oltre ad essere cacciatore, era triful\u00e8 come si dice in torinese, tartufaio. Lo vedevo uscire di casa al mattino presto, quando era ancora buio, per recarsi, segretamente, con i suoi cani fidati nelle valli circostanti alla ricerca del prezioso Tuber Magnatum Pico (tartufo bianco pregiato). La passione di mio nonno era, oltre la ricerca, l\u2019addestramento dei cani da tartufo, passione che mi ha trasmesso dopo avermi insegnato passo per passo\u201d<\/p>\n<p>&nbsp;<\/p>\n<p>[\/et_pb_text][\/et_pb_column][et_pb_column type=&#8220;1_4&#8243; _builder_version=&#8220;3.25&#8243; custom_padding=&#8220;|||&#8220; custom_padding__hover=&#8220;|||&#8220;][et_pb_social_media_follow follow_button=&#8220;on&#8220; _builder_version=&#8220;3.19.12&#8243; text_orientation=&#8220;center&#8220; background_layout=&#8220;dark&#8220; custom_margin=&#8220;0px||&#8220; custom_padding=&#8220;0px||&#8220; filter_hue_rotate=&#8220;359deg&#8220; filter_saturate=&#8220;115%&#8220; filter_brightness=&#8220;105%&#8220; filter_contrast=&#8220;98%&#8220; filter_sepia=&#8220;1%&#8220; border_color_all=&#8220;rgba(255,255,255,0.28)&#8220;][et_pb_social_media_follow_network social_network=&#8220;facebook&#8220; url=&#8220;https:\/\/www.facebook.com\/Sapori-della-collina-di-Torino-2129286640652210\/&#8220; _builder_version=&#8220;3.19.3&#8243; background_color=&#8220;#3b5998&#8243; follow_button=&#8220;on&#8220; url_new_window=&#8220;on&#8220;]facebook[\/et_pb_social_media_follow_network][et_pb_social_media_follow_network social_network=&#8220;instagram&#8220; url=&#8220;https:\/\/www.instagram.com\/sapori_collina_torino\/&#8220; _builder_version=&#8220;3.19.3&#8243; background_color=&#8220;#ea2c59&#8243; follow_button=&#8220;on&#8220; url_new_window=&#8220;on&#8220;]instagram[\/et_pb_social_media_follow_network][et_pb_social_media_follow_network social_network=&#8220;youtube&#8220; url=&#8220;https:\/\/www.youtube.com\/channel\/UCdq1J74ZjteGzw6PXi0Dwjg&#8220; _builder_version=&#8220;3.19.12&#8243; background_color=&#8220;#a82400&#8243; custom_margin=&#8220;10px||&#8220; follow_button=&#8220;on&#8220; url_new_window=&#8220;on&#8220;]youtube[\/et_pb_social_media_follow_network][\/et_pb_social_media_follow][et_pb_text _builder_version=&#8220;3.27.4&#8243; text_font=&#8220;||on||||||&#8220; text_text_color=&#8220;rgba(255,255,255,0.87)&#8220;]<\/p>\n<p style=\"text-align: center;\">I Sapori della Collina di Torino di Luca Bann\u00f2<\/p>\n<p style=\"text-align: center;\">Sede Legale: Regione Tetti Sachero 23<br \/> 10090 Sciolze (TO)<\/p>\n<p style=\"text-align: center;\">P.IVA: IT11574690019<\/p>\n<p style=\"text-align: center;\">E-mail: info@isaporidellacollinaditorino.com<\/p>\n<p>[\/et_pb_text][\/et_pb_column][et_pb_column type=&#8220;1_4&#8243; _builder_version=&#8220;3.25&#8243; custom_padding=&#8220;|||&#8220; custom_padding__hover=&#8220;|||&#8220;][\/et_pb_column][\/et_pb_row][\/et_pb_section]<\/p>\n","protected":false},"excerpt":{"rendered":"<p>UNSERE PRODUKTE Ausbildung zum truffelhund Mykorrhizierte truffelpflanzen Tr\u00fcffel-TourismVerein Trifole&amp;Trifol\u00e8 im Gro\u00dfraum von TurinDie Tr\u00fcffel\u201cFin da bambino seguivo mio nonno che oltre ad essere cacciatore, era triful\u00e8 come si dice in torinese, tartufaio. Lo vedevo uscire di casa al mattino presto, quando era ancora buio, per recarsi, segretamente, con i suoi cani fidati nelle valli circostanti [&hellip;]<\/p>\n","protected":false},"author":1,"featured_media":0,"parent":0,"menu_order":0,"comment_status":"closed","ping_status":"closed","template":"","meta":{"_et_pb_use_builder":"on","_et_pb_old_content":"[vc_row type=\"boxed\" font_color=\"#000000\" background_style=\"normal\"][vc_column][vc_row_inner][vc_column_inner][vc_separator][title text=\"I NOSTRI PRODOTTI SPECIALI\" tag=\"h2\" text_align=\"center\"][product_category per_page=\"4\" columns=\"4\" orderby=\"menu_order\" order=\"ASC\" category=\"prodotti-del-mese\"][banner title=\"Scopri i nostri prodotti, prossimamente in vendita online\" subtitle=\"Vai al catalogo\" link_url=\"\/catalogo\" subtitle_color=\"rgba(255,255,255,0.75)\" inner_stroke_color=\"rgba(255,255,255,0.5)\" bg_image=\"514\" height=\"120px\"][vc_separator][vc_basic_grid post_type=\"ids\" style=\"lazy\" items_per_page=\"3\" show_filter=\"yes\" item=\"793\" grid_id=\"vc_gid:1534057686252-c653cc16-2c7b-2\" filter_source=\"category\" include=\"2, 248, 581, 233, 231, 229\"][vc_separator][\/vc_column_inner][\/vc_row_inner][\/vc_column][\/vc_row]","_et_gb_content_width":"","footnotes":""},"class_list":["post-1574","page","type-page","status-publish","hentry"],"_links":{"self":[{"href":"https:\/\/isaporidellacollinaditorino.com\/de\/wp-json\/wp\/v2\/pages\/1574","targetHints":{"allow":["GET"]}}],"collection":[{"href":"https:\/\/isaporidellacollinaditorino.com\/de\/wp-json\/wp\/v2\/pages"}],"about":[{"href":"https:\/\/isaporidellacollinaditorino.com\/de\/wp-json\/wp\/v2\/types\/page"}],"author":[{"embeddable":true,"href":"https:\/\/isaporidellacollinaditorino.com\/de\/wp-json\/wp\/v2\/users\/1"}],"replies":[{"embeddable":true,"href":"https:\/\/isaporidellacollinaditorino.com\/de\/wp-json\/wp\/v2\/comments?post=1574"}],"version-history":[{"count":16,"href":"https:\/\/isaporidellacollinaditorino.com\/de\/wp-json\/wp\/v2\/pages\/1574\/revisions"}],"predecessor-version":[{"id":3803,"href":"https:\/\/isaporidellacollinaditorino.com\/de\/wp-json\/wp\/v2\/pages\/1574\/revisions\/3803"}],"wp:attachment":[{"href":"https:\/\/isaporidellacollinaditorino.com\/de\/wp-json\/wp\/v2\/media?parent=1574"}],"curies":[{"name":"wp","href":"https:\/\/api.w.org\/{rel}","templated":true}]}}