{"id":1596,"date":"2019-01-10T16:44:07","date_gmt":"2019-01-10T16:44:07","guid":{"rendered":"https:\/\/isaporidellacollinaditorino.com\/?page_id=1596"},"modified":"2019-02-06T16:21:44","modified_gmt":"2019-02-06T16:21:44","slug":"tartufo-turismo","status":"publish","type":"page","link":"https:\/\/isaporidellacollinaditorino.com\/de\/tartufo-turismo\/","title":{"rendered":"Tr\u00fcffel-Tourism"},"content":{"rendered":"<p>[et_pb_section fb_built=&#8220;1&#8243; admin_label=&#8220;section&#8220; _builder_version=&#8220;3.0.47&#8243; custom_padding=&#8220;0|0px|0|0px|false|false&#8220;][et_pb_row use_custom_width=&#8220;on&#8220; width_unit=&#8220;off&#8220; custom_width_percent=&#8220;100%&#8220; custom_padding=&#8220;100px|0px|100px|0px|false|false&#8220; custom_padding_last_edited=&#8220;on|desktop&#8220; _builder_version=&#8220;3.19.3&#8243; background_image=&#8220;https:\/\/isaporidellacollinaditorino.com\/wp-content\/uploads\/2018\/07\/assGrey.png&#8220; background_position=&#8220;top_center&#8220; border_radii=&#8220;|||15px|15px&#8220;][et_pb_column type=&#8220;4_4&#8243; _builder_version=&#8220;3.19.3&#8243; parallax=&#8220;off&#8220; parallax_method=&#8220;on&#8220;][et_pb_text _builder_version=&#8220;3.19.4&#8243; text_font=&#8220;||||||||&#8220; text_text_color=&#8220;#ffffff&#8220; header_font=&#8220;||||||||&#8220; header_text_color=&#8220;rgba(255,255,255,0.96)&#8220; custom_margin=&#8220;||&#8220;]<\/p>\n<header class=\"entry-header with_featured_img\">\n<div class=\"row\">\n<div class=\"large-8 large-centered columns without-sidebar\">\n<h1 class=\"entry-title\" style=\"text-align: center;\">Tr\u00fcffel-Tourism<\/h1>\n<\/div>\n<\/div>\n<\/header>\n<article id=\"post-928\" class=\"post-928 page type-page status-publish has-post-thumbnail hentry\">\n<div class=\"row\">\n<div class=\"large-12 columns\">\n<div class=\"entry-content\" style=\"text-align: center;\"><\/div>\n<\/div>\n<\/div>\n<\/article>\n<p>[\/et_pb_text][\/et_pb_column][\/et_pb_row][et_pb_row admin_label=&#8220;row&#8220; _builder_version=&#8220;3.0.48&#8243; background_size=&#8220;initial&#8220; background_position=&#8220;top_left&#8220; background_repeat=&#8220;repeat&#8220;][et_pb_column type=&#8220;4_4&#8243; _builder_version=&#8220;3.0.47&#8243; parallax=&#8220;off&#8220; parallax_method=&#8220;on&#8220;][et_pb_text admin_label=&#8220;Text&#8220; _builder_version=&#8220;3.19.4&#8243; background_size=&#8220;initial&#8220; background_position=&#8220;top_left&#8220; background_repeat=&#8220;repeat&#8220;]<\/p>\n<p style=\"text-align: justify;\">Es geht um die spannendste Erfahrung f\u00fcr einen Tr\u00fcffel-Liebhaber. Ein Tr\u00fcffelsucher mit seinem Tr\u00fcffelhund f\u00fchrt die Touristen in den Wald, um nach einem wertvollen unterirdischen Pilz zu suchen. Der Sucher wird nur von Hundwitterung sowie von Ahnung dank langer Erfahrung gef\u00fchrt.<\/p>\n<p style=\"text-align: justify;\"><img loading=\"lazy\" decoding=\"async\" class=\"aligncenter size-full wp-image-846\" src=\"https:\/\/isaporidellacollinaditorino.com\/wp-content\/uploads\/2018\/07\/turismo1.png\" alt=\"\" width=\"643\" height=\"362\" srcset=\"https:\/\/isaporidellacollinaditorino.com\/wp-content\/uploads\/2018\/07\/turismo1.png 643w, https:\/\/isaporidellacollinaditorino.com\/wp-content\/uploads\/2018\/07\/turismo1-300x169.png 300w, https:\/\/isaporidellacollinaditorino.com\/wp-content\/uploads\/2018\/07\/turismo1-600x338.png 600w\" sizes=\"(max-width: 643px) 100vw, 643px\" \/><\/p>\n<p style=\"text-align: justify;\">Die Tr\u00fcffelsuche beginnt mit einer allgemeinen Erkl\u00e4rung \u00fcber die Tr\u00fcffel: Die unterschiedlichen Typologien, die Tr\u00fcffelsuche, die Ausbildungsarten sowie die verschiedene wirksamen Regelungen.<\/p>\n<p style=\"text-align: justify;\">Danach dringen wir in den Wald, wo wir eine fette Beute machen, wenn wir Gl\u00fcck haben! Es gibt verschiedene Orte: Einige sind m\u00fchsam und f\u00fcr Leute geeignet, die Wandern lieben und ausger\u00fcstet sind, w\u00e4hrend andere einfach f\u00fcr Kinder und alte Leute sind, damit alle solches wunderbares Abenteuer genie\u00dfen k\u00f6nnen!<\/p>\n<p style=\"text-align: justify;\">Die Suche kann sogar in der Nacht stattfinden, wenn angefragt, weil sie im Piemont zul\u00e4ssig ist: \u201cDer Charme der Tr\u00fcffel basiert auf der Suche. In der Nacht, im Wald, heimlich, die Sucher durchqueren den Nachtnebel nach ihrem Hund, indem sie nach Hinweisen einer Pflanze unter den B\u00e4umen suchen, die das vorherige Jahr eine gl\u00fcckliche Sammlung versichert hatte. Praxis und Informationen \u00fcber g\u00fcnstige Orte werden oft von Generation zu Generation m\u00fcndlich weitergegeben oder im Notizbuch notiert, die unbedingt nicht zu verbreiten sind\u201d.<\/p>\n<p style=\"text-align: justify;\"><img loading=\"lazy\" decoding=\"async\" class=\"aligncenter size-full wp-image-850\" src=\"https:\/\/isaporidellacollinaditorino.com\/wp-content\/uploads\/2018\/07\/turismo2.png\" alt=\"\" width=\"643\" height=\"429\" srcset=\"https:\/\/isaporidellacollinaditorino.com\/wp-content\/uploads\/2018\/07\/turismo2.png 643w, https:\/\/isaporidellacollinaditorino.com\/wp-content\/uploads\/2018\/07\/turismo2-300x200.png 300w, https:\/\/isaporidellacollinaditorino.com\/wp-content\/uploads\/2018\/07\/turismo2-600x400.png 600w\" sizes=\"(max-width: 643px) 100vw, 643px\" \/><\/p>\n<p style=\"text-align: justify;\">Hier k\u00f6nnen Sie einige notwendige Details und Informationen \u00fcber unsere F\u00fchrungen finden:<\/p>\n<ul style=\"text-align: justify;\">\n<li>Dauer:\u00a02 Stunden.<\/li>\n<li>Uhrzeiten:9 Uhr morgens, 14 Uhr nachmittags, nach 22 Uhr.<\/li>\n<li>Kleidung:Trekkingschuhe oder Stifte, Sportkleidung oder f\u00fcr einen Ausflug im Land geeignet. Regenmantel beim Regen.<\/li>\n<li>Details:F\u00fchrung mit direkter Tr\u00fcffelsuche sowie Begleiten vom Tr\u00fcffelhund und Tr\u00fcffelsucher. Scho\u00dfhunde sind nicht erlaubt, um unsere Hunde nicht abzulenken.<\/li>\n<li>Tr\u00fcffelsuchersnack oder Mittagessen:Nach der F\u00fchrung kann man auch einen Snack organisieren, um \u00f6rtliche gastronomische Spezialit\u00e4ten und Wein zu kosten. Der Snack kann man entweder im Wald oder in einer wunderbaren Villa mit Schwimmbad im Gr\u00fcnen stattfinden.<\/li>\n<li>Preis:Grundpreis bis 2 Personen 100 Euro \/ F\u00fcr jede zus\u00e4tzliche Person 20 Euro \/ Fur Gruppen ist der Preis zu vereinbaren \/ Dolmetscherin Euro 80\/ Kinder bis 10 Jahren kostenfrei<\/li>\n<\/ul>\n<p style=\"text-align: justify;\">Bei zahlreichen Gruppen, \u00fcber 15 Personen, schlagen wir die Aufteilung vor.<\/p>\n<p>[\/et_pb_text][\/et_pb_column][\/et_pb_row][\/et_pb_section][et_pb_section fb_built=&#8220;1&#8243; _builder_version=&#8220;3.19.12&#8243; custom_padding=&#8220;0|0px|0|0px|false|false&#8220;][et_pb_row use_custom_width=&#8220;on&#8220; width_unit=&#8220;off&#8220; custom_width_percent=&#8220;100%&#8220; custom_padding=&#8220;35px|0px|27px|0px|false|false&#8220; custom_margin=&#8220;|||0px&#8220; disabled_on=&#8220;off|off|off&#8220; _builder_version=&#8220;3.19.12&#8243; background_color=&#8220;#1e1e1e&#8220; background_image=&#8220;https:\/\/isaporidellacollinaditorino.com\/wp-content\/uploads\/2018\/05\/BANNER_TorinoGrey-1-e1528386801986-1.jpg&#8220; background_position=&#8220;top_center&#8220; background_blend=&#8220;overlay&#8220; module_alignment=&#8220;center&#8220; global_module=&#8220;1907&#8243; saved_tabs=&#8220;all&#8220;][et_pb_column type=&#8220;1_5&#8243; _builder_version=&#8220;3.19.3&#8243; parallax=&#8220;off&#8220; parallax_method=&#8220;on&#8220;][\/et_pb_column][et_pb_column type=&#8220;1_5&#8243; _builder_version=&#8220;3.19.3&#8243; parallax=&#8220;off&#8220; parallax_method=&#8220;on&#8220;][et_pb_image src=&#8220;https:\/\/isaporidellacollinaditorino.com\/wp-content\/uploads\/2018\/05\/image823.png&#8220; show_bottom_space=&#8220;off&#8220; _builder_version=&#8220;3.19.4&#8243; border_radii=&#8220;on|21px|21px|21px|21px&#8220; max_width=&#8220;22%&#8220; module_alignment=&#8220;center&#8220; custom_margin=&#8220;0px||15px&#8220;][\/et_pb_image][et_pb_text _builder_version=&#8220;3.19.4&#8243; text_font=&#8220;||on||||||&#8220; text_text_color=&#8220;rgba(255,255,255,0.87)&#8220; text_font_size_last_edited=&#8220;off|desktop&#8220; header_font=&#8220;||||||||&#8220; max_width=&#8220;90%&#8220; module_alignment=&#8220;center&#8220; custom_margin=&#8220;|||25px&#8220;]<\/p>\n<p style=\"text-align: center;\">\u201cFin da bambino seguivo mio nonno che oltre ad essere cacciatore, era triful\u00e8 come si dice in torinese, tartufaio. Lo vedevo uscire di casa al mattino presto, quando era ancora buio, per recarsi, segretamente, con i suoi cani fidati nelle valli circostanti alla ricerca del prezioso Tuber Magnatum Pico (tartufo bianco pregiato). La passione di mio nonno era, oltre la ricerca, l\u2019addestramento dei cani da tartufo, passione che mi ha trasmesso dopo avermi insegnato passo per passo\u201d<\/p>\n<p>&nbsp;<\/p>\n<p>[\/et_pb_text][\/et_pb_column][et_pb_column type=&#8220;1_5&#8243; _builder_version=&#8220;3.19.3&#8243; parallax=&#8220;off&#8220; parallax_method=&#8220;on&#8220;][et_pb_social_media_follow follow_button=&#8220;on&#8220; _builder_version=&#8220;3.19.4&#8243; border_color_all=&#8220;rgba(255,255,255,0.28)&#8220; text_orientation=&#8220;center&#8220; background_layout=&#8220;dark&#8220; filter_hue_rotate=&#8220;359deg&#8220; filter_saturate=&#8220;115%&#8220; filter_brightness=&#8220;105%&#8220; filter_contrast=&#8220;98%&#8220; filter_sepia=&#8220;1%&#8220;][et_pb_social_media_follow_network social_network=&#8220;facebook&#8220; url=&#8220;https:\/\/www.facebook.com\/Sapori-della-collina-di-Torino-2129286640652210\/&#8220; _builder_version=&#8220;3.19.3&#8243; background_color=&#8220;#3b5998&#8243; follow_button=&#8220;on&#8220; url_new_window=&#8220;on&#8220;]facebook[\/et_pb_social_media_follow_network][et_pb_social_media_follow_network social_network=&#8220;instagram&#8220; url=&#8220;https:\/\/www.instagram.com\/sapori_collina_torino\/&#8220; _builder_version=&#8220;3.19.3&#8243; background_color=&#8220;#ea2c59&#8243; follow_button=&#8220;on&#8220; url_new_window=&#8220;on&#8220;]instagram[\/et_pb_social_media_follow_network][\/et_pb_social_media_follow][\/et_pb_column][et_pb_column type=&#8220;1_5&#8243; _builder_version=&#8220;3.19.3&#8243; parallax=&#8220;off&#8220; parallax_method=&#8220;on&#8220;][et_pb_text _builder_version=&#8220;3.19.4&#8243; text_font=&#8220;||on||||||&#8220; text_text_color=&#8220;rgba(255,255,255,0.87)&#8220;]<\/p>\n<p>I Sapori della Collina di Torino di Luca Bann\u00f2<\/p>\n<p>Sede Legale: Regione Tetti Sachero 23<br \/> 10090 Sciolze (TO)<\/p>\n<p style=\"text-align: left;\">P.IVA: IT11574690019<\/p>\n<p>E-mail: info@isaporidellacollinaditorino.com<\/p>\n<p>[\/et_pb_text][\/et_pb_column][et_pb_column type=&#8220;1_5&#8243; _builder_version=&#8220;3.19.3&#8243; parallax=&#8220;off&#8220; parallax_method=&#8220;on&#8220;][\/et_pb_column][\/et_pb_row][\/et_pb_section]<\/p>\n","protected":false},"excerpt":{"rendered":"<p>Tr\u00fcffel-Tourism Es geht um die spannendste Erfahrung f\u00fcr einen Tr\u00fcffel-Liebhaber. Ein Tr\u00fcffelsucher mit seinem Tr\u00fcffelhund f\u00fchrt die Touristen in den Wald, um nach einem wertvollen unterirdischen Pilz zu suchen. Der Sucher wird nur von Hundwitterung sowie von Ahnung dank langer Erfahrung gef\u00fchrt. Die Tr\u00fcffelsuche beginnt mit einer allgemeinen Erkl\u00e4rung \u00fcber die Tr\u00fcffel: Die unterschiedlichen Typologien, [&hellip;]<\/p>\n","protected":false},"author":1,"featured_media":0,"parent":0,"menu_order":0,"comment_status":"closed","ping_status":"closed","template":"","meta":{"_et_pb_use_builder":"on","_et_pb_old_content":"<p style=\"text-align: justify;\">\u00c8 l'esperienza pi\u00f9 emozionante per un appassionato di tartufi. Un cercatore accompagnato dal cane condurr\u00e0 turisti nel bosco alla ricerca del prezioso fungo ipogeo, guidato solo dal fiuto dell'animale e dall'intuito maturato in anni di esperienza.<\/p>\r\n<img class=\"aligncenter size-full wp-image-846\" src=\"https:\/\/isaporidellacollinaditorino.com\/wp-content\/uploads\/2018\/07\/turismo1-1.png\" alt=\"\" width=\"643\" height=\"362\" \/>\r\n<p style=\"text-align: justify;\">La ricerca inizier\u00e0 con una spiegazione generale su tutto il vasto mondo del tartufo: le sue diverse tipologie, la ricerca con il cane, i metodi di addestramento e le diverse normative in vigore.<\/p>\r\n<p style=\"text-align: justify;\">Successivamente ci addentreremo nel bosco (abbiamo diversi luoghi di cerca alcuni pi\u00f9 impegnativi, adatti a persone che amano camminare e che sono attrezzati idoneamente; mentre altri pi\u00f9 facili e comodi per bambini e anziani cosicch\u00e9 tutti possano godersi questa meravigliosa avventura!) dove, se avremo fortuna, troveremo un bel bottino!<\/p>\r\n<p style=\"text-align: justify;\">La ricerca pu\u00f2 essere effettuata, su richiesta, anche in notturna. in Piemonte essa \u00e8 consentita: \u201cAlla base del fascino del Tartufo c\u2019\u00e8 la ricerca. Nella notte, in aree boschive, nella segretezza assoluta, uomini preceduti dal loro cane, fendono le brume notturne cercando riferimenti tra le piante alla ricerca di un albero che l\u2019anno precedente ha garantito una raccolta fortunata. Pratiche e informazioni su luoghi propizi sono spesso tramandate di generazione in generazione verbalmente o al massimo annotate su quaderni o agende assolutamente non divulgabili\u201d.<\/p>\r\n<img class=\"aligncenter size-full wp-image-850\" src=\"https:\/\/isaporidellacollinaditorino.com\/wp-content\/uploads\/2018\/07\/turismo2-1.png\" alt=\"\" width=\"643\" height=\"429\" \/>\r\n<p style=\"text-align: justify;\">Alcuni dettagli e informazioni utili per le nostre visite guidate:<\/p>\r\n\r\n<ul style=\"text-align: justify;\">\r\n \t<li>Durata della visita:\u00a02 ore.<\/li>\r\n \t<li>Orari: mattino ore 9.00, Pomeriggio ore 14.00 , Notte dopo le 22.00<\/li>\r\n \t<li>Abbigliamento: scarpe da trekking o stivali, abbigliamento sportivo o comunque adatto ad una breve escursione in campagna e k-way in caso di pioggia.<\/li>\r\n \t<li>Dettagli: visita guidata con esperienza diretta di ricerca del tartufo, con possibilit\u00e0 di accompagnare il cane nella meticolosa ricerca, sempre affiancati dal Triful\u00e8. Non \u00e8 consentito portare cani da compagnia, questo per non distogliere l\u2019attenzione dei nostri cani durante la ricerca.<\/li>\r\n \t<li>Merenda del Triful\u00e8 o pranzo: \u00e8 possibile aggiungere alla visita guidata anche la \"merenda tipica del Triful\u00e8\", che include prodotti tipici del luogo accompagnati da vini locali. La merenda del Triful\u00e8 potr\u00e0 essere consumata nel bosco oppure in una bellissima villa con piscina immersa nel verde.<\/li>\r\n \t<li>Costi: costo base ricerca fino a 2 persone 100 Euro\/ Per ogni persona aggiunta 20 Euro | Per gruppi e comitive il prezzo potr\u00e0 essere concordato telefonicamente\/ Interprete Euro 80\/ Bambini fino a 10 anni gratis<\/li>\r\n<\/ul>\r\n<p style=\"text-align: justify;\">Ai gruppi numerosi, superiori alle 15 persone, \u00e8 consigliabile di dividersi in due.<\/p>","_et_gb_content_width":"","footnotes":""},"class_list":["post-1596","page","type-page","status-publish","hentry"],"_links":{"self":[{"href":"https:\/\/isaporidellacollinaditorino.com\/de\/wp-json\/wp\/v2\/pages\/1596","targetHints":{"allow":["GET"]}}],"collection":[{"href":"https:\/\/isaporidellacollinaditorino.com\/de\/wp-json\/wp\/v2\/pages"}],"about":[{"href":"https:\/\/isaporidellacollinaditorino.com\/de\/wp-json\/wp\/v2\/types\/page"}],"author":[{"embeddable":true,"href":"https:\/\/isaporidellacollinaditorino.com\/de\/wp-json\/wp\/v2\/users\/1"}],"replies":[{"embeddable":true,"href":"https:\/\/isaporidellacollinaditorino.com\/de\/wp-json\/wp\/v2\/comments?post=1596"}],"version-history":[{"count":8,"href":"https:\/\/isaporidellacollinaditorino.com\/de\/wp-json\/wp\/v2\/pages\/1596\/revisions"}],"predecessor-version":[{"id":2002,"href":"https:\/\/isaporidellacollinaditorino.com\/de\/wp-json\/wp\/v2\/pages\/1596\/revisions\/2002"}],"wp:attachment":[{"href":"https:\/\/isaporidellacollinaditorino.com\/de\/wp-json\/wp\/v2\/media?parent=1596"}],"curies":[{"name":"wp","href":"https:\/\/api.w.org\/{rel}","templated":true}]}}