{"id":1614,"date":"2019-01-10T16:49:07","date_gmt":"2019-01-10T16:49:07","guid":{"rendered":"https:\/\/isaporidellacollinaditorino.com\/?page_id=1614"},"modified":"2019-02-06T16:21:25","modified_gmt":"2019-02-06T16:21:25","slug":"ausbildung-zum-truffelhund-2","status":"publish","type":"page","link":"https:\/\/isaporidellacollinaditorino.com\/de\/ausbildung-zum-truffelhund-2\/","title":{"rendered":"Ausbildung zum truffelhund"},"content":{"rendered":"<p>[et_pb_section fb_built=&#8220;1&#8243; _builder_version=&#8220;3.19.3&#8243; custom_padding=&#8220;0|0px|0|0px|false|false&#8220;][et_pb_row use_custom_width=&#8220;on&#8220; width_unit=&#8220;off&#8220; custom_width_percent=&#8220;100%&#8220; custom_padding=&#8220;100px|0px|100px|0px|false|false&#8220; custom_padding_last_edited=&#8220;on|desktop&#8220; _builder_version=&#8220;3.19.3&#8243; background_image=&#8220;https:\/\/isaporidellacollinaditorino.com\/wp-content\/uploads\/2018\/07\/caniGrey-1.png&#8220; background_position=&#8220;top_right&#8220; border_radii=&#8220;|||15px|15px&#8220;][et_pb_column type=&#8220;4_4&#8243; _builder_version=&#8220;3.19.3&#8243; parallax=&#8220;off&#8220; parallax_method=&#8220;on&#8220;][et_pb_text _builder_version=&#8220;3.19.4&#8243; text_font=&#8220;||||||||&#8220; text_text_color=&#8220;#ffffff&#8220; header_font=&#8220;||||||||&#8220; header_text_color=&#8220;rgba(255,255,255,0.96)&#8220; custom_margin=&#8220;||&#8220;]<\/p>\n<header class=\"entry-header with_featured_img\">\n<div class=\"row\">\n<div class=\"large-8 large-centered columns without-sidebar\">\n<h1 class=\"entry-title\" style=\"text-align: center;\">Ausbildung zum truffelhund<\/h1>\n<\/div>\n<\/div>\n<\/header>\n<article id=\"post-1098\" class=\"post-1098 page type-page status-publish has-post-thumbnail hentry\">\n<div class=\"row\">\n<div class=\"large-12 columns\">\n<div class=\"entry-content\" style=\"text-align: center;\"><\/div>\n<\/div>\n<\/div>\n<\/article>\n<p>[\/et_pb_text][\/et_pb_column][\/et_pb_row][et_pb_row custom_padding=&#8220;0|0px|51px|0px|false|false&#8220; _builder_version=&#8220;3.19.3&#8243; background_size=&#8220;initial&#8220; background_position=&#8220;top_left&#8220; background_repeat=&#8220;repeat&#8220;][et_pb_column type=&#8220;4_4&#8243; _builder_version=&#8220;3.0.47&#8243; parallax=&#8220;off&#8220; parallax_method=&#8220;on&#8220;][et_pb_text _builder_version=&#8220;3.19.4&#8243; text_font=&#8220;||||||||&#8220; background_size=&#8220;initial&#8220; background_position=&#8220;top_left&#8220; background_repeat=&#8220;repeat&#8220; custom_margin=&#8220;50px||&#8220;]<\/p>\n<p style=\"text-align: justify;\">Es kann unbedeutend scheinen aber bei Tr\u00fcffelsuche brauchen wir einen vertrauten Freund, einen Hund. In der Tat kann man laut dem italienischen Gesetz nur mit Hunden und nicht mit Schweinen wie im Frankreich Tr\u00fcffel suchen.<\/p>\n<p style=\"text-align: justify;\">Der Schwein ist platzraubend, hat lange Wurzeln besch\u00e4digende Z\u00e4hne und nebenbei ist es schwierig, zum Gehorsam auszubilden.<\/p>\n<p style=\"text-align: justify;\">Dagegen kann der Hund leicht gehorsam werden und lernen, daher ist er perfekt f\u00fcr unser Ziel.<\/p>\n<p style=\"text-align: justify;\">Sein Name ist sehr wichtig, muss kurz sein und jedem Befehl voranstellen.<\/p>\n<p style=\"text-align: justify;\">Au\u00dferdem m\u00fcssen wir die beste Zucht aussuchen\u2026<\/p>\n<p style=\"text-align: justify;\">Alle Hunde und Zuchten, vor allem Mischlinge, k\u00f6nnen zur Tr\u00fcffelsuche ausgebildet werden.<\/p>\n<p style=\"text-align: justify;\">Die Auswahl ist jedenfalls nicht einfach. Wir m\u00fcssen untersuchen, wo und wann die Tr\u00fcffelsuche stattfindet\u2026<\/p>\n<p style=\"text-align: justify;\">Da die Suche im Piemont auch in der Nacht erlaubt ist, \u00fcberdies ist der Winter sehr kalt und die wei\u00dfe Tr\u00fcffel in Tiefen ist am meisten gesucht, muss man sich f\u00fcr einen Hund entscheiden, der k\u00e4ltebest\u00e4ndig ist, einen klaren in der Nacht merklichen Mantel sowie einen sehr guten Geruchssinn hat.<\/p>\n<p style=\"text-align: justify;\">Wir m\u00fcssen auch \u00fcberlegen, ob der Hund beruflich oder lediglich am Wochenende sucht.<\/p>\n<p style=\"text-align: justify;\">Bei h\u00e4ufiger Suche soll der Hund aus einer Blutlinie von Gebrauchshunden mit einem solchen K\u00f6rperbau stammen, um f\u00fcr mehrere Stunden bei allen Umst\u00e4nden zu suchen.<\/p>\n<p style=\"text-align: justify;\">Kurzhaarige Hunde wie Pointer sind unserem Klima nicht geeignet. Sie nehmen ab, Rippen sind sichtbar und neigen dazu, zum Auto zur\u00fcckzugehen. Hybridhunde wie Bracco\/Pointer Springer\/Pointer, Drathaar\/Bracco, Drathaar\/pointer sind sehr passend, die sind alle Jagdrassen.<\/p>\n<p style=\"text-align: justify;\">Reine Jagdrassen k\u00f6nnten auch geeignet aber oft haben sie einen hohen Jagdtrieb.<\/p>\n<p style=\"text-align: justify;\">Meiner Erfahrung nach ist die beste Rasse f\u00fcr alle Umst\u00e4nde der Lagotto Romagnolo, der einzige von der FCI anerkannte Tr\u00fcffelhund.<\/p>\n<p style=\"text-align: justify;\">Der Lagotto ist f\u00fcr Anf\u00e4nger vor allem geeignet, da er eine sehr hohe Intelligenz hat. In wenigen Tagen lehrt er, Tr\u00fcffel herauszuholen. Er hat keinen Jagdtrieb, sein dichter Pelz ist gegen K\u00e4lte nicht empfindlich, obwohl er im Fr\u00fchling und Sommer mehrmals geschoren werden, damit er die W\u00e4rme nicht erleidet und der Wildwuchs sowie Trespen an den Pelz nicht kleben.<\/p>\n<p style=\"text-align: justify;\">Abschlie\u00dfend muss man R\u00fcckgrat mit Jagdhunde haben. Strenge Regeln sind n\u00f6tig, deswegen rate ich erfahrenen Tr\u00fcfflesuchern dazu, w\u00e4hrend der Lagotto allen empfohlen ist.<\/p>\n<p style=\"text-align: justify;\"><img loading=\"lazy\" decoding=\"async\" class=\"aligncenter size-full wp-image-893\" src=\"https:\/\/isaporidellacollinaditorino.com\/wp-content\/uploads\/2018\/08\/lagotto1.png\" alt=\"\" width=\"643\" height=\"428\" srcset=\"https:\/\/isaporidellacollinaditorino.com\/wp-content\/uploads\/2018\/08\/lagotto1.png 643w, https:\/\/isaporidellacollinaditorino.com\/wp-content\/uploads\/2018\/08\/lagotto1-300x200.png 300w, https:\/\/isaporidellacollinaditorino.com\/wp-content\/uploads\/2018\/08\/lagotto1-600x399.png 600w\" sizes=\"(max-width: 643px) 100vw, 643px\" \/><\/p>\n<p style=\"text-align: justify;\">Damit ein H\u00fcndchen zum Tr\u00fcffelhund ausgebildet wird, muss man dem Hund die Suche und das Spiel schrittweise miteinander verbinden lassen, ohne sofortige Wirkungen zu fordern. Das muss geduldig stattfinden, die verschiedenen Phasen m\u00fcssen sich wiederhole, solange der Hund jede \u00dcbung\u00a0\u00a0\u00a0 gelernt hat.<\/p>\n<p style=\"text-align: justify;\">Vorausgesetzt dass, der Hund die Suche als ein Spiel betrachtet werden muss, muss er m\u00f6glichst aufmerksam bleiben und st\u00e4ndig gefolgt werden. \u00dcbungen m\u00fcssen kurzfristig sein, d.h. jede \u00dcbung kann sich tags\u00fcber mehrmals aber kurz (von etwa 5 bis 15 Min.) wiederholen, weil er jung ist und sein Aufmerksamkeits- und Konzentrationsniveau niedrig ist. Wir sollen nicht auf l\u00e4ngerer Dauer beharren, sonst ist er des Spiels leid und f\u00fchren wir beim Zwingen zum Gegenteil\u2026Er will es nicht mehr wiederholen.<\/p>\n<p style=\"text-align: justify;\"><img loading=\"lazy\" decoding=\"async\" class=\"aligncenter size-full wp-image-897\" src=\"https:\/\/isaporidellacollinaditorino.com\/wp-content\/uploads\/2018\/08\/cane2.png\" alt=\"\" width=\"600\" height=\"387\" srcset=\"https:\/\/isaporidellacollinaditorino.com\/wp-content\/uploads\/2018\/08\/cane2.png 600w, https:\/\/isaporidellacollinaditorino.com\/wp-content\/uploads\/2018\/08\/cane2-300x194.png 300w\" sizes=\"(max-width: 600px) 100vw, 600px\" \/><\/p>\n<p style=\"text-align: justify;\">Tag f\u00fcr Tag wird der Hund immer besser auf Befehle und \u00dcbungen reagieren sowie die Dauer wird allm\u00e4hlich l\u00e4nger. Die Empfehlung der Zeitdauer f\u00fcr Hundausbildung ist sehr kompliziert. Das Konzentrationsniveau h\u00e4ngt nicht nur vom Charakter des Hundes als auch von der Ausbildert\u00fcchtigkeit zur Hundanteilnahme ab.<\/p>\n<p style=\"text-align: justify;\"><img loading=\"lazy\" decoding=\"async\" class=\"aligncenter size-full wp-image-901\" src=\"https:\/\/isaporidellacollinaditorino.com\/wp-content\/uploads\/2018\/08\/cane3.png\" alt=\"\" width=\"656\" height=\"266\" srcset=\"https:\/\/isaporidellacollinaditorino.com\/wp-content\/uploads\/2018\/08\/cane3.png 656w, https:\/\/isaporidellacollinaditorino.com\/wp-content\/uploads\/2018\/08\/cane3-300x122.png 300w, https:\/\/isaporidellacollinaditorino.com\/wp-content\/uploads\/2018\/08\/cane3-600x243.png 600w\" sizes=\"(max-width: 656px) 100vw, 656px\" \/><\/p>\n<p style=\"text-align: justify;\">Meine Leidenschaft f\u00fcr Hundausbildung geht auf verschiedene Jahre zur\u00fcck. Ich muss sagen, dass jeder Hund seine Eigenart hat und muss anders behandelt werden. Wenn der s\u00fc\u00dfe Lagotto aus keiner Blutlinie f\u00fcr Tr\u00fcffel oder Gebrauch ist, ist es schwierig ihn zu engagieren. In den letzten Jahren merke ich in der Tat, dass viele Privatpersonen zu Gewinnzwecken Hunde verkuppeln lassen, ohne auf wichtige Faktoren aufzupassen. Daher werden Lagotti mit Dysplasie und weniger Arbeits-und Lerneneignung gekreuzt\u2026 Sie werden ausgezeichnete Scho\u00dfhunde aber schlimmste Tr\u00fcffelhunde sein \u2026<\/p>\n<p style=\"text-align: justify;\">Seit vielen Jahren w\u00e4hle ich Gebrauchhunde, sowohl Hybridjagdhunde als auch Lagotti, aus. Ich muss sagen, dass mehr als 70% auf 7\/8 H\u00fcndchen schon von 3 Monaten an durchschnittlich stark sind, wenn man bem\u00fcht der Tr\u00fcfflesuche gewidmet und ohne Zerstreutheit arbeitet.<\/p>\n<p style=\"text-align: justify;\">Vor der Ausbildung testen wir \u00fcblicherweise den Hund, damit verstehen wir, wenn er Eignung der Suche hat.<\/p>\n<p style=\"text-align: justify;\">Beim ersten Test untersuchen wir, ob Tr\u00fcffelduft unserem Hund gef\u00e4llt. Dann veruschen wir, uns einen tr\u00fcffelduftenden Lappen zur\u00fcckbringen zu lassen. Anderer wichtiger Test besteht in der Absch\u00e4tzung, ob der Hund neugierig und aufmerksam ist\u2026 Wenn der Hund scheu, \u00e4ngstlich ist, sich verbergt oder keine Tr\u00fcffel i\u00dft, sich weder f\u00fcr uns noch f\u00fcr den Lappen interessiert, wird er sicher ein guter Hund aber ein Scho\u00dfhund sein\u2026.<\/p>\n<p style=\"text-align: justify;\">Trotzdem k\u00f6nnten solche Hunde zu Tr\u00fcffelhunde werden aber vor der Ausbildung brauchen sie sich im Benehmen zu \u00fcben, ihren Charakter zu verst\u00e4rken, damit k\u00f6nnen sie den Mensch vertrauen und gegen ihre Furcht ank\u00e4mpfen.<\/p>\n<p>[\/et_pb_text][et_pb_text _builder_version=&#8220;3.19.4&#8243; text_font=&#8220;Abhaya Libre||||||||&#8220; text_text_color=&#8220;#e02b20&#8243; text_line_height=&#8220;1em&#8220; header_font=&#8220;||||||||&#8220; header_2_font=&#8220;||||||||&#8220; header_3_font=&#8220;||||||||&#8220; header_4_font=&#8220;||||||||&#8220; header_5_font=&#8220;||||||||&#8220; background_color=&#8220;rgba(224,153,0,0.71)&#8220; border_radii=&#8220;on|36px|36px|36px|36px&#8220; max_width=&#8220;68%&#8220; module_alignment=&#8220;center&#8220; custom_margin=&#8220;0px||&#8220; custom_padding=&#8220;40px||21px&#8220;]<\/p>\n<h3 style=\"text-align: center;\"><\/h3>\n<h3 style=\"text-align: center;\">F\u00fcr Informationen \u00fcber Ausblidung, Tipps und W\u00fcrfe, bitte wenden Sie sich an<\/h3>\n<h3 style=\"text-align: center;\">Luca: Telefonnummer +39 348.8699649\u00a0<\/h3>\n<p>[\/et_pb_text][\/et_pb_column][\/et_pb_row][\/et_pb_section][et_pb_section fb_built=&#8220;1&#8243; _builder_version=&#8220;3.19.12&#8243; custom_padding=&#8220;0|0px|0|0px|false|false&#8220;][et_pb_row use_custom_width=&#8220;on&#8220; width_unit=&#8220;off&#8220; custom_width_percent=&#8220;100%&#8220; custom_padding=&#8220;35px|0px|27px|0px|false|false&#8220; custom_margin=&#8220;|||0px&#8220; disabled_on=&#8220;off|off|off&#8220; _builder_version=&#8220;3.19.12&#8243; background_color=&#8220;#1e1e1e&#8220; background_image=&#8220;https:\/\/isaporidellacollinaditorino.com\/wp-content\/uploads\/2018\/05\/BANNER_TorinoGrey-1-e1528386801986-1.jpg&#8220; background_position=&#8220;top_center&#8220; background_blend=&#8220;overlay&#8220; module_alignment=&#8220;center&#8220; global_module=&#8220;1907&#8243; saved_tabs=&#8220;all&#8220;][et_pb_column type=&#8220;1_5&#8243; _builder_version=&#8220;3.19.3&#8243; parallax=&#8220;off&#8220; parallax_method=&#8220;on&#8220;][\/et_pb_column][et_pb_column type=&#8220;1_5&#8243; _builder_version=&#8220;3.19.3&#8243; parallax=&#8220;off&#8220; parallax_method=&#8220;on&#8220;][et_pb_image src=&#8220;https:\/\/isaporidellacollinaditorino.com\/wp-content\/uploads\/2018\/05\/image823.png&#8220; show_bottom_space=&#8220;off&#8220; _builder_version=&#8220;3.19.4&#8243; border_radii=&#8220;on|21px|21px|21px|21px&#8220; max_width=&#8220;22%&#8220; module_alignment=&#8220;center&#8220; custom_margin=&#8220;0px||15px&#8220;][\/et_pb_image][et_pb_text _builder_version=&#8220;3.19.4&#8243; text_font=&#8220;||on||||||&#8220; text_text_color=&#8220;rgba(255,255,255,0.87)&#8220; text_font_size_last_edited=&#8220;off|desktop&#8220; header_font=&#8220;||||||||&#8220; max_width=&#8220;90%&#8220; module_alignment=&#8220;center&#8220; custom_margin=&#8220;|||25px&#8220;]<\/p>\n<p style=\"text-align: center;\">\u201cFin da bambino seguivo mio nonno che oltre ad essere cacciatore, era triful\u00e8 come si dice in torinese, tartufaio. Lo vedevo uscire di casa al mattino presto, quando era ancora buio, per recarsi, segretamente, con i suoi cani fidati nelle valli circostanti alla ricerca del prezioso Tuber Magnatum Pico (tartufo bianco pregiato). La passione di mio nonno era, oltre la ricerca, l\u2019addestramento dei cani da tartufo, passione che mi ha trasmesso dopo avermi insegnato passo per passo\u201d<\/p>\n<p>&nbsp;<\/p>\n<p>[\/et_pb_text][\/et_pb_column][et_pb_column type=&#8220;1_5&#8243; _builder_version=&#8220;3.19.3&#8243; parallax=&#8220;off&#8220; parallax_method=&#8220;on&#8220;][et_pb_social_media_follow follow_button=&#8220;on&#8220; _builder_version=&#8220;3.19.4&#8243; border_color_all=&#8220;rgba(255,255,255,0.28)&#8220; text_orientation=&#8220;center&#8220; background_layout=&#8220;dark&#8220; filter_hue_rotate=&#8220;359deg&#8220; filter_saturate=&#8220;115%&#8220; filter_brightness=&#8220;105%&#8220; filter_contrast=&#8220;98%&#8220; filter_sepia=&#8220;1%&#8220;][et_pb_social_media_follow_network social_network=&#8220;facebook&#8220; url=&#8220;https:\/\/www.facebook.com\/Sapori-della-collina-di-Torino-2129286640652210\/&#8220; _builder_version=&#8220;3.19.3&#8243; background_color=&#8220;#3b5998&#8243; follow_button=&#8220;on&#8220; url_new_window=&#8220;on&#8220;]facebook[\/et_pb_social_media_follow_network][et_pb_social_media_follow_network social_network=&#8220;instagram&#8220; url=&#8220;https:\/\/www.instagram.com\/sapori_collina_torino\/&#8220; _builder_version=&#8220;3.19.3&#8243; background_color=&#8220;#ea2c59&#8243; follow_button=&#8220;on&#8220; url_new_window=&#8220;on&#8220;]instagram[\/et_pb_social_media_follow_network][\/et_pb_social_media_follow][\/et_pb_column][et_pb_column type=&#8220;1_5&#8243; _builder_version=&#8220;3.19.3&#8243; parallax=&#8220;off&#8220; parallax_method=&#8220;on&#8220;][et_pb_text _builder_version=&#8220;3.19.4&#8243; text_font=&#8220;||on||||||&#8220; text_text_color=&#8220;rgba(255,255,255,0.87)&#8220;]<\/p>\n<p>I Sapori della Collina di Torino di Luca Bann\u00f2<\/p>\n<p>Sede Legale: Regione Tetti Sachero 23<br \/> 10090 Sciolze (TO)<\/p>\n<p style=\"text-align: left;\">P.IVA: IT11574690019<\/p>\n<p>E-mail: info@isaporidellacollinaditorino.com<\/p>\n<p>[\/et_pb_text][\/et_pb_column][et_pb_column type=&#8220;1_5&#8243; _builder_version=&#8220;3.19.3&#8243; parallax=&#8220;off&#8220; parallax_method=&#8220;on&#8220;][\/et_pb_column][\/et_pb_row][\/et_pb_section]<\/p>\n","protected":false},"excerpt":{"rendered":"<p>Ausbildung zum truffelhund Es kann unbedeutend scheinen aber bei Tr\u00fcffelsuche brauchen wir einen vertrauten Freund, einen Hund. In der Tat kann man laut dem italienischen Gesetz nur mit Hunden und nicht mit Schweinen wie im Frankreich Tr\u00fcffel suchen. Der Schwein ist platzraubend, hat lange Wurzeln besch\u00e4digende Z\u00e4hne und nebenbei ist es schwierig, zum Gehorsam auszubilden. [&hellip;]<\/p>\n","protected":false},"author":1,"featured_media":0,"parent":0,"menu_order":0,"comment_status":"closed","ping_status":"closed","template":"","meta":{"_et_pb_use_builder":"on","_et_pb_old_content":"<p style=\"text-align: justify;\">Sembrer\u00e0 banale ma per andare a tartufi abbiamo bisogno di un amico fidato, un cane, infatti secondo la legge italiana, \u00e8 possibile praticare la ricerca solamente con i cani e non con i maiali come fanno i nostri cugini francesi. Il maiale infatti, \u00e8 un animale ingombrante da trasportare, possiede lunghi denti che rovinano le radici delle piante, oltre alla difficolt\u00e0 nell\u2019addestramento all\u2019obbedienza. Il cane, avendo una enorme capacit\u00e0 di obbedienza e di apprendimento di quello che gli viene insegnato \u00e8 la scelta perfetta per praticare la nostra attivit\u00e0. Molto importante sar\u00e0 il nome, dovr\u00e0 essere corto e preceder\u00e0 ogni comando che gli daremo, oltre a questo, dovremmo scegliere la razza migliore.<\/p>\r\n<p style=\"text-align: justify;\">Tutti i cani e tutte le razze sono addestrabili alla ricerca del tartufo, soprattutto i meticci. La scelta non \u00e8 comunque cos\u00ec semplice, infatti dobbiamo analizzare dove e quando viene fatta la ricerca. In Piemonte oltre ad essere permessa la ricerca notturna, troviamo un inverno molto rigido, la ricerca viene fatta soprattutto sul bianco pregiato che spesso si trova molto in profondit\u00e0, quindi dobbiamo optare per una tipologia di cane resistente al freddo, con il mantello chiaro, visibile nella notte e con un olfatto molto elevato. Inoltre, dobbiamo valutare se utilizzeremo il cane in modo professionale, quindi uscendo tutti i giorni o solo il week-end. Nel caso di utilizzo intenso andremo ad acquistare un cane adatto al lavoro, derivante da una linea di sangue \u201cda Lavoro\u201d e con struttura fisica che gli permetta di lavorare per diverse ore in tutte le situazioni.<\/p>\r\n<p style=\"text-align: justify;\">I cani a pelo raso tipo Pointer non sono adatti al nostro clima infatti con il freddo perdono diversi chilogrammi mostrando le costole e tendono a ritornare alla macchina durante il lavoro. Molto adatti sono gli incroci Bracco\/Pointer Springer\/Pointer, Drathaar\/Bracco, Drathaar\/pointer, tutte le razze da caccia incrociate. Potrebbero andar bene anche le razze da caccia pure ma spesso tendono ad avere un elevato istinto venatorio e quindi a cacciare molto. Secondo la mia esperienza la razza migliore che si adatta a tutte le situazioni \u00e8 il Lagotto Romagnolo, unico cane riconosciuto da tartufi dall\u2019ENCI. Il Lagotto \u00e8 adatto soprattutto ai principianti perch\u00e9 ha un\u2019intelligenza estrema, in pochi giorni di addestramento si riesce a fagli cavare i tartufi, non ha istinto venatorio e con il suo pelo folto non patisce il freddo anche se in primavera ed estate necessita di pi\u00f9 tosature, per non fargli patire il caldo e per le erbacce, forasacchi ecc. che si attaccano al mantello durante la ricerca. Per concludere con i cani da caccia ci va un certo polso, hanno bisogno di regole rigide, per questo li consiglio a tartufai esperti mentre il Lagotto \u00e8 consigliato a chiunque.<\/p>\r\n<img class=\"aligncenter size-full wp-image-893\" src=\"https:\/\/isaporidellacollinaditorino.com\/wp-content\/uploads\/2018\/08\/lagotto1.png\" alt=\"\" width=\"643\" height=\"428\" \/>\r\n<p style=\"text-align: justify; margin: 3.75pt 0cm .0001pt 0cm;\"><span style=\"font-size: 12pt; font-family: georgia, palatino, serif; color: #666666;\">Per addestrare un cucciolo alla ricerca del tartufo \u00e8 necessario far associare al cane l'attivit\u00e0 di ricerca a quella del gioco; in modo graduale e senza pretendere risultati immediati. Questa pratica va effettuata a piccoli passi, con pazienza cercando di ripetere i vari passaggi di seguito riportati fino a quando il cane non abbia appreso ogni singolo esercizio.<\/span><\/p>\r\n<p style=\"text-align: justify; margin: 3.75pt 0cm .0001pt 0cm;\"><span style=\"font-size: 12pt; font-family: georgia, palatino, serif; color: #666666;\">Partendo dal presupposto che per il cane deve considerare il lavoro che ci apprestiamo a svolgere come un'attivit\u00e0 ludica, oltre a rimanere concentrato il pi\u00f9 possibile, andr\u00e0 seguito in modo costante. Gli esercizi dovranno avere durata breve, ci\u00f2 significa che ogni esercizio potr\u00e0 essere anche ripetuto varie volte durante la giornata, ma per poco tempo (da 5 a 15 minuti circa) perch\u00e9 essendo molto giovane i suoi livelli di attenzione\/concentrazione saranno limitati. Non dovremo insistere sul prolungamento di questi tempi, perch\u00e9 ritenendolo un gioco e stancandosi di praticarlo, se lo obbligassimo a continuare rischieremmo di ottenere l'effetto contrario...non avr\u00e0 pi\u00f9 piacere di ripeterlo.<\/span><\/p>\r\n<img class=\"aligncenter size-full wp-image-897\" src=\"https:\/\/isaporidellacollinaditorino.com\/wp-content\/uploads\/2018\/08\/cane2-1.png\" alt=\"\" width=\"600\" height=\"387\" \/>\r\n<p style=\"text-align: justify; margin: 3.75pt 0cm .0001pt 0cm;\"><span style=\"font-size: 12pt; font-family: georgia, palatino, serif; color: #666666;\">Vedrete che giorno dopo giorno, il cane risponder\u00e0 sempre meglio ai comandi e all'esecuzione dei vari esercizi ed aumentare gradualmente i tempi per l'esercitazione. \u00c8 molto complicato indicare dei tempi per l'allenamento del cane, il livello di concentrazione del cucciolo dipendono dal carattere del cane ed anche da quanto \u00e8 bravo l'addestratore a coinvolgere il proprio cane nelle varie pratiche.<\/span><\/p>\r\n<img class=\"aligncenter size-full wp-image-901\" src=\"https:\/\/isaporidellacollinaditorino.com\/wp-content\/uploads\/2018\/08\/cane3-1.png\" alt=\"\" width=\"656\" height=\"266\" \/>\r\n<p style=\"margin: 3.75pt 0cm 0.0001pt; text-align: justify;\"><span style=\"font-size: 12pt; font-family: georgia, palatino, serif; color: #666666;\">La passione all\u2019addestramento mi accompagna da diversi anni, devo dire che ogni cane ha la sua particolarit\u00e0 e va preso diversamente da un altro, Il lagotto con molta dolcezza, se non ha una linea di sangue da tartufo o comunque da lavoro sar\u00e0 molto difficile farlo lavorare, infatti sto notando negli ultimi anni che tantissimi privati probabilmente per scopo di lucro fanno cucciolate senza badare a diversi fattori importanti, incrociando lagotti con displasia, con poca attitudine al lavoro e all\u2019apprendimento\u2026 questi saranno ottimi cani da compagnia ma pessimi cercatori di tartufo.\u00a0 <\/span><span style=\"font-size: 12pt; font-family: georgia, palatino, serif; color: #666666;\">Da molti anni sto selezionando cani da lavoro, sia incroci caccia che Lagotti, devo dire che in media su una cucciolata di 7\/8 esemplari pi\u00f9 del 70% sono gi\u00e0 forti fin dai 3 mesi, lavorando con impegno, dedizione alla ricerca del tartufo e poche distrazioni. <\/span><span style=\"font-size: 12pt; font-family: georgia, palatino, serif; color: #666666;\">Solitamente prima dell\u2019addestramento sottoponiamo il cane a semplici test, per capire se abbia delle attitudini alla ricerca. <\/span><\/p>\r\n<p style=\"margin: 3.75pt 0cm 0.0001pt; text-align: justify;\"><span style=\"font-size: 12pt; font-family: georgia, palatino, serif; color: #666666;\">Con il primo test andremo ad indagare se al nostro cane piaccia il gusto del tartufo, poi proveremo a farci riportare uno straccetto con il profumo del tartufo, altro test importante \u00e8 valutare se il cane sia curioso, quindi attento a ci\u00f2 che facciamo\u2026 Se l\u2019animale fosse timido, pauroso, tenda a nascondersi, non mangi il tartufo, non sia interessato a noi e allo straccetto profumato, sar\u00e0 sicuramente un bravo cane ma da compagnia. <\/span><span style=\"font-size: 12pt; font-family: 'Arial', sans-serif; color: #666666;\"><span style=\"font-family: georgia, palatino, serif;\">Non \u00e8 detto che questo tipo di cani non diventeranno mai cercatori ma sicuramente avranno bisogno prima dell\u2019addestramento al tartufo, di un lungo periodo di lavoro sul comportamento, rinforzando il loro carattere, portandoli a fidarsi dell\u2019uomo e a combattere le proprie paure.<\/span> <\/span><\/p>\r\n<p style=\"text-align: justify; margin: 3.75pt 0cm .0001pt 0cm;\"><span style=\"font-size: 14.0pt; font-family: 'Arial',sans-serif; color: #666666;\">\u00a0<\/span><\/p>\r\n<p style=\"margin: 3.75pt 0cm 0.0001pt; text-align: center;\"><span style=\"font-size: 14pt; font-family: georgia, palatino, serif; color: #666666;\">Per info su addestramento, consigli, cucciolate, non esitate a contattarci.<\/span><\/p>\r\n<p style=\"margin: 3.75pt 0cm 0.0001pt; text-align: center;\"><span style=\"font-size: 14pt; font-family: georgia, palatino, serif; color: #666666;\">Luca Tel. 348.8699649<\/span><\/p>","_et_gb_content_width":"","footnotes":""},"class_list":["post-1614","page","type-page","status-publish","hentry"],"_links":{"self":[{"href":"https:\/\/isaporidellacollinaditorino.com\/de\/wp-json\/wp\/v2\/pages\/1614","targetHints":{"allow":["GET"]}}],"collection":[{"href":"https:\/\/isaporidellacollinaditorino.com\/de\/wp-json\/wp\/v2\/pages"}],"about":[{"href":"https:\/\/isaporidellacollinaditorino.com\/de\/wp-json\/wp\/v2\/types\/page"}],"author":[{"embeddable":true,"href":"https:\/\/isaporidellacollinaditorino.com\/de\/wp-json\/wp\/v2\/users\/1"}],"replies":[{"embeddable":true,"href":"https:\/\/isaporidellacollinaditorino.com\/de\/wp-json\/wp\/v2\/comments?post=1614"}],"version-history":[{"count":8,"href":"https:\/\/isaporidellacollinaditorino.com\/de\/wp-json\/wp\/v2\/pages\/1614\/revisions"}],"predecessor-version":[{"id":2001,"href":"https:\/\/isaporidellacollinaditorino.com\/de\/wp-json\/wp\/v2\/pages\/1614\/revisions\/2001"}],"wp:attachment":[{"href":"https:\/\/isaporidellacollinaditorino.com\/de\/wp-json\/wp\/v2\/media?parent=1614"}],"curies":[{"name":"wp","href":"https:\/\/api.w.org\/{rel}","templated":true}]}}