{"id":1462,"date":"2019-01-09T16:15:49","date_gmt":"2019-01-09T16:15:49","guid":{"rendered":"https:\/\/isaporidellacollinaditorino.com\/index.php\/training-of-truffle-hunting-dogs-2\/"},"modified":"2019-02-06T16:16:41","modified_gmt":"2019-02-06T16:16:41","slug":"training-of-truffle-hunting-dogs-2","status":"publish","type":"page","link":"https:\/\/isaporidellacollinaditorino.com\/en\/training-of-truffle-hunting-dogs-2\/","title":{"rendered":"Training of Truffle Hunting Dogs"},"content":{"rendered":"<p>[et_pb_section fb_built=&#8221;1&#8243; _builder_version=&#8221;3.19.3&#8243; custom_padding=&#8221;0|0px|0|0px|false|false&#8221;][et_pb_row use_custom_width=&#8221;on&#8221; width_unit=&#8221;off&#8221; custom_width_percent=&#8221;100%&#8221; custom_padding=&#8221;100px|0px|100px|0px|false|false&#8221; custom_padding_last_edited=&#8221;on|desktop&#8221; _builder_version=&#8221;3.19.3&#8243; background_image=&#8221;https:\/\/isaporidellacollinaditorino.com\/wp-content\/uploads\/2018\/07\/caniGrey-1.png&#8221; background_position=&#8221;top_right&#8221; border_radii=&#8221;|||15px|15px&#8221;][et_pb_column type=&#8221;4_4&#8243; _builder_version=&#8221;3.19.3&#8243; parallax=&#8221;off&#8221; parallax_method=&#8221;on&#8221;][et_pb_text _builder_version=&#8221;3.19.4&#8243; text_font=&#8221;||||||||&#8221; text_text_color=&#8221;#ffffff&#8221; header_font=&#8221;||||||||&#8221; header_text_color=&#8221;rgba(255,255,255,0.96)&#8221; custom_margin=&#8221;||&#8221;]<\/p>\n<h1 style=\"text-align: center;\">TRAINING OF TRUFFLE HUNTING DOGS<\/h1>\n<p>[\/et_pb_text][\/et_pb_column][\/et_pb_row][et_pb_row custom_padding=&#8221;0|0px|71px|0px|false|false&#8221; _builder_version=&#8221;3.19.3&#8243; background_size=&#8221;initial&#8221; background_position=&#8221;top_left&#8221; background_repeat=&#8221;repeat&#8221;][et_pb_column type=&#8221;4_4&#8243; _builder_version=&#8221;3.0.47&#8243; parallax=&#8221;off&#8221; parallax_method=&#8221;on&#8221;][et_pb_text _builder_version=&#8221;3.19.9&#8243; text_font=&#8221;||||||||&#8221; background_size=&#8221;initial&#8221; background_position=&#8221;top_left&#8221; background_repeat=&#8221;repeat&#8221; custom_margin=&#8221;50px||&#8221;]<\/p>\n<p>It can seem trivial but to hunt truffles we need a reliable friend, a dog. In fact, according to Italian law, truffle hunting is possible with dogs only and not with pigs, as the French do.<\/p>\n<p>Pigs are bulky, have long teeth ruining plant roots. In addition, their training and getting them obedient is difficult.<\/p>\n<p>On the contrary, dogs have a high ability to obedience and learning, so they are perfect for our activity.<\/p>\n<p>The dog\u2019s name is very important; it must be short and come first before our every order. In addition, the best breed must be chosen \u2026<\/p>\n<p>All dogs and breeds can be trained to hunt truffles, above all half-breeds.<\/p>\n<p>However choice is not simple, in fact the place and time of hunting must be analyzed.<\/p>\n<p>Considering that in Piedmont truffle hunting in the night is allowed, winter is very cold and above all white truffls are searched, which are found in depth, a dog breed for cold weather, with clear fur easily visible in the night and high sense of smell must be chosen. We must also consider whether a dog is for professional purposes and if hunting takes place every day or only at the weekend.<\/p>\n<p>In case of frequent hunting, a suitable dog must be chosen, deriving from a bloodline \u201cfor work\u201d with a body appropriate for long lasting searching and in all circumstances.<br \/>Dogs with shaven hair such as Pointers are not suited to our climate, as they lose weight due to cold temperatures, show ribs and tend to go back to the car. All hunting dog crossbreeds like Bracco\/Pointer Springer\/Pointer, Drathaar\/Bracco, Drathaar\/Pointer are very suitable however.<\/p>\n<p>Hunting dog breeds could be suitable too but often tend to have a high hunting instinct.<\/p>\n<p>According to my experience, the best breed adapting itself to all circumstances is Lagotto Romagnolo. It is the only one approved as a truffle hunting dog by ENCI (Italian Kennel Club).<\/p>\n<p>The Lagotto is above all suitable for beginners as it is extremely intelligent. In few training days it can find truffles, it has not got a hunting instinct and its thick fur is not sensitive to cold temperatures. However, it must often be shaven in spring and summer so that it does not suffer from heat and, in addition, weed and foxtail cannot stick to its coat.<\/p>\n<p>In conclusion, hunting dogs require a lot of resolve, they need strict rules and therefore I suggest them only to skilled truffle hunters, while the Lagotto is recommended to everyone.<\/p>\n<p>&nbsp;<\/p>\n<p style=\"text-align: justify;\"><img loading=\"lazy\" decoding=\"async\" class=\"aligncenter size-full wp-image-894\" src=\"https:\/\/isaporidellacollinaditorino.com\/wp-content\/uploads\/2018\/08\/lagotto1.png\" alt=\"\" srcset=\"https:\/\/isaporidellacollinaditorino.com\/wp-content\/uploads\/2018\/08\/lagotto1.png 643w, https:\/\/isaporidellacollinaditorino.com\/wp-content\/uploads\/2018\/08\/lagotto1-300x200.png 300w, https:\/\/isaporidellacollinaditorino.com\/wp-content\/uploads\/2018\/08\/lagotto1-600x399.png 600w\" sizes=\"(max-width: 643px) 100vw, 643px\" width=\"643\" height=\"428\" \/><\/p>\n<p>In order to train a puppy to truffle hunt, it is necessary to let the dog gradually connect the hunting with playing, without expecting immediate results. Such training must occur little by little, with patience and trying to repeat the different below mentioned steps until the dog understands each single exercise.<\/p>\n<p>Under the premise that the dog must consider such work as a game, it has to be as focused as possible and must be constantly followed. Exercises must be short, so each exercise can be repeated several times over the day but for a short time (5 to 15 minutes approximately), because the dog is very young and its attention\/concentration levels are limited. Insisting on longer exercise is not suggested because the dog considers it a game and if it gets bored and we oblige it to continue, we will have the opposite effect so it will not want to repeat the exercise again.<\/p>\n<p>&nbsp;<\/p>\n<p style=\"text-align: justify;\"><img loading=\"lazy\" decoding=\"async\" class=\"aligncenter size-full wp-image-898\" src=\"https:\/\/isaporidellacollinaditorino.com\/wp-content\/uploads\/2018\/08\/cane2.png\" alt=\"\" srcset=\"https:\/\/isaporidellacollinaditorino.com\/wp-content\/uploads\/2018\/08\/cane2.png 600w, https:\/\/isaporidellacollinaditorino.com\/wp-content\/uploads\/2018\/08\/cane2-300x194.png 300w\" sizes=\"(max-width: 600px) 100vw, 600px\" width=\"600\" height=\"387\" \/><\/p>\n<p style=\"text-align: justify;\">Day after day the dog will respond to orders increasingly better and exercises as well as duration can become gradually longer. It is complicated to specify time for dog training, as concentration level depends on both dog character and the trainer\u2019s ability to involve its dog.<\/p>\n<p style=\"text-align: justify;\"><img loading=\"lazy\" decoding=\"async\" class=\"aligncenter size-full wp-image-902\" src=\"https:\/\/isaporidellacollinaditorino.com\/wp-content\/uploads\/2018\/08\/cane3.png\" alt=\"\" srcset=\"https:\/\/isaporidellacollinaditorino.com\/wp-content\/uploads\/2018\/08\/cane3.png 656w, https:\/\/isaporidellacollinaditorino.com\/wp-content\/uploads\/2018\/08\/cane3-300x122.png 300w, https:\/\/isaporidellacollinaditorino.com\/wp-content\/uploads\/2018\/08\/cane3-600x243.png 600w\" sizes=\"(max-width: 656px) 100vw, 656px\" width=\"656\" height=\"266\" \/><\/p>\n<p>I have had a passion for dog training for several years and I must say that each dog has its distinctive trait and must be treated in a different way. The Lagotto must be treated with a lot of kindness. If it has not got a bloodline for truffle or work, it will be difficult to let it hunt. In fact, during the last few years I have been noticing that many people arrange profit-making broods without considering important factors. For example, they breed the Lagotto dogs with dysplasia, low inclination to work and learning crossbreeds\u2026 they will become perfect pet dogs but very bad truffle hunting dogs.<\/p>\n<p>For many years I\u2019ve been selecting dogs for work, both crossbreeds and Lagotto dogs, and on average more than 70% out of 7\/8 puppies are already strong when they\u2019re 3 months old, if training is diligent, dedicated to truffle hunting and there\u2019s little distraction.<br \/>Before training, we usually let the dog undergo simple tests in order to understand it has an inclination for truffle hunting.<\/p>\n<p>During the first test we investigate whether it likes the taste of truffles or not, then we will try to make it bring a truffle-scented cloth back. Another significant test consists in evaluating whether the dog is curious, or attentive to our actions\u2026 If the dog is shy, fearful, tends to hide, doesn\u2019t eat truffles, is not interested in us nor in truffle-scented cloth, surely it is a good dog but as pet\u2026<\/p>\n<p>Not necessarily, could such a kind of dog never become a truffle hunting dog but before training it surely needs long behavior training in order to strengthen its character to trust in human beings and tackle its fears.<\/p>\n<p>&nbsp;<\/p>\n<p>[\/et_pb_text][et_pb_text _builder_version=&#8221;3.19.4&#8243; text_font=&#8221;Abhaya Libre||||||||&#8221; text_text_color=&#8221;#e02b20&#8243; text_line_height=&#8221;1em&#8221; header_font=&#8221;||||||||&#8221; header_2_font=&#8221;||||||||&#8221; header_3_font=&#8221;||||||||&#8221; header_4_font=&#8221;||||||||&#8221; header_5_font=&#8221;||||||||&#8221; background_color=&#8221;rgba(224,153,0,0.71)&#8221; border_radii=&#8221;on|36px|36px|36px|36px&#8221; max_width=&#8221;68%&#8221; module_alignment=&#8221;center&#8221; custom_margin=&#8221;0px||&#8221; custom_padding=&#8221;40px||21px&#8221;]<\/p>\n<h3 style=\"text-align: center;\"><\/h3>\n<h2 style=\"text-align: center;\">CONTACT US<\/h2>\n<h3 style=\"text-align: center;\"><span>For further info about training, suggestions, brood.<\/span><\/h3>\n<h2 style=\"text-align: center;\"><\/h2>\n<h2 style=\"text-align: center;\">Luca +39 348 8699649<\/h2>\n<p>&nbsp;<\/p>\n<p>[\/et_pb_text][\/et_pb_column][\/et_pb_row][\/et_pb_section][et_pb_section fb_built=&#8221;1&#8243; _builder_version=&#8221;3.19.12&#8243; custom_padding=&#8221;0|0px|0|0px|false|false&#8221;][et_pb_row use_custom_width=&#8221;on&#8221; width_unit=&#8221;off&#8221; custom_width_percent=&#8221;100%&#8221; custom_padding=&#8221;35px|0px|27px|0px|false|false&#8221; custom_margin=&#8221;|||0px&#8221; disabled_on=&#8221;off|off|off&#8221; _builder_version=&#8221;3.19.12&#8243; background_color=&#8221;#1e1e1e&#8221; background_image=&#8221;https:\/\/isaporidellacollinaditorino.com\/wp-content\/uploads\/2018\/05\/BANNER_TorinoGrey-1-e1528386801986-1.jpg&#8221; background_position=&#8221;top_center&#8221; background_blend=&#8221;overlay&#8221; module_alignment=&#8221;center&#8221; global_module=&#8221;1905&#8243; saved_tabs=&#8221;all&#8221;][et_pb_column type=&#8221;1_5&#8243; _builder_version=&#8221;3.19.3&#8243; parallax=&#8221;off&#8221; parallax_method=&#8221;on&#8221;][\/et_pb_column][et_pb_column type=&#8221;1_5&#8243; _builder_version=&#8221;3.19.3&#8243; parallax=&#8221;off&#8221; parallax_method=&#8221;on&#8221;][et_pb_image src=&#8221;https:\/\/isaporidellacollinaditorino.com\/wp-content\/uploads\/2018\/05\/image823.png&#8221; show_bottom_space=&#8221;off&#8221; _builder_version=&#8221;3.19.4&#8243; border_radii=&#8221;on|21px|21px|21px|21px&#8221; max_width=&#8221;22%&#8221; module_alignment=&#8221;center&#8221; custom_margin=&#8221;0px||15px&#8221;][\/et_pb_image][et_pb_text _builder_version=&#8221;3.19.4&#8243; text_font=&#8221;||on||||||&#8221; text_text_color=&#8221;rgba(255,255,255,0.87)&#8221; text_font_size_last_edited=&#8221;off|desktop&#8221; header_font=&#8221;||||||||&#8221; max_width=&#8221;90%&#8221; module_alignment=&#8221;center&#8221; custom_margin=&#8221;|||25px&#8221;]<\/p>\n<p style=\"text-align: center;\">\u201cFin da bambino seguivo mio nonno che oltre ad essere cacciatore, era triful\u00e8 come si dice in torinese, tartufaio. Lo vedevo uscire di casa al mattino presto, quando era ancora buio, per recarsi, segretamente, con i suoi cani fidati nelle valli circostanti alla ricerca del prezioso Tuber Magnatum Pico (tartufo bianco pregiato). La passione di mio nonno era, oltre la ricerca, l\u2019addestramento dei cani da tartufo, passione che mi ha trasmesso dopo avermi insegnato passo per passo\u201d<\/p>\n<p>&nbsp;<\/p>\n<p>[\/et_pb_text][\/et_pb_column][et_pb_column type=&#8221;1_5&#8243; _builder_version=&#8221;3.19.3&#8243; parallax=&#8221;off&#8221; parallax_method=&#8221;on&#8221;][et_pb_social_media_follow follow_button=&#8221;on&#8221; _builder_version=&#8221;3.19.4&#8243; border_color_all=&#8221;rgba(255,255,255,0.28)&#8221; text_orientation=&#8221;center&#8221; background_layout=&#8221;dark&#8221; filter_hue_rotate=&#8221;359deg&#8221; filter_saturate=&#8221;115%&#8221; filter_brightness=&#8221;105%&#8221; filter_contrast=&#8221;98%&#8221; filter_sepia=&#8221;1%&#8221;][et_pb_social_media_follow_network social_network=&#8221;facebook&#8221; url=&#8221;https:\/\/www.facebook.com\/Sapori-della-collina-di-Torino-2129286640652210\/&#8221; _builder_version=&#8221;3.19.3&#8243; background_color=&#8221;#3b5998&#8243; follow_button=&#8221;on&#8221; url_new_window=&#8221;on&#8221;]facebook[\/et_pb_social_media_follow_network][et_pb_social_media_follow_network social_network=&#8221;instagram&#8221; url=&#8221;https:\/\/www.instagram.com\/sapori_collina_torino\/&#8221; _builder_version=&#8221;3.19.3&#8243; background_color=&#8221;#ea2c59&#8243; follow_button=&#8221;on&#8221; url_new_window=&#8221;on&#8221;]instagram[\/et_pb_social_media_follow_network][\/et_pb_social_media_follow][\/et_pb_column][et_pb_column type=&#8221;1_5&#8243; _builder_version=&#8221;3.19.3&#8243; parallax=&#8221;off&#8221; parallax_method=&#8221;on&#8221;][et_pb_text _builder_version=&#8221;3.19.12&#8243; text_font=&#8221;||on||||||&#8221; text_text_color=&#8221;rgba(255,255,255,0.87)&#8221;]<\/p>\n<p>I Sapori della Collina di Torino di Luca Bann\u00f2<\/p>\n<p>Sede Legale: Regione Tetti Sachero 23<br \/> 10090 Sciolze (TO)<\/p>\n<p style=\"text-align: left;\">P.IVA: IT11574690019<\/p>\n<p>E-mail: info@isaporidellacollinaditorino.com<\/p>\n<p>[\/et_pb_text][\/et_pb_column][et_pb_column type=&#8221;1_5&#8243; _builder_version=&#8221;3.19.3&#8243; parallax=&#8221;off&#8221; parallax_method=&#8221;on&#8221;][\/et_pb_column][\/et_pb_row][\/et_pb_section]<\/p>\n","protected":false},"excerpt":{"rendered":"<p>TRAINING OF TRUFFLE HUNTING DOGSIt can seem trivial but to hunt truffles we need a reliable friend, a dog. In fact, according to Italian law, truffle hunting is possible with dogs only and not with pigs, as the French do. Pigs are bulky, have long teeth ruining plant roots. In addition, their training and getting [&hellip;]<\/p>\n","protected":false},"author":1,"featured_media":0,"parent":0,"menu_order":0,"comment_status":"closed","ping_status":"closed","template":"","meta":{"_et_pb_use_builder":"on","_et_pb_old_content":"<p style=\"text-align: justify;\">Sembrer\u00e0 banale ma per andare a tartufi abbiamo bisogno di un amico fidato, un cane, infatti secondo la legge italiana, \u00e8 possibile praticare la ricerca solamente con i cani e non con i maiali come fanno i nostri cugini francesi. Il maiale infatti, \u00e8 un animale ingombrante da trasportare, possiede lunghi denti che rovinano le radici delle piante, oltre alla difficolt\u00e0 nell\u2019addestramento all\u2019obbedienza. Il cane, avendo una enorme capacit\u00e0 di obbedienza e di apprendimento di quello che gli viene insegnato \u00e8 la scelta perfetta per praticare la nostra attivit\u00e0. Molto importante sar\u00e0 il nome, dovr\u00e0 essere corto e preceder\u00e0 ogni comando che gli daremo, oltre a questo, dovremmo scegliere la razza migliore.<\/p>\r\n<p style=\"text-align: justify;\">Tutti i cani e tutte le razze sono addestrabili alla ricerca del tartufo, soprattutto i meticci. La scelta non \u00e8 comunque cos\u00ec semplice, infatti dobbiamo analizzare dove e quando viene fatta la ricerca. In Piemonte oltre ad essere permessa la ricerca notturna, troviamo un inverno molto rigido, la ricerca viene fatta soprattutto sul bianco pregiato che spesso si trova molto in profondit\u00e0, quindi dobbiamo optare per una tipologia di cane resistente al freddo, con il mantello chiaro, visibile nella notte e con un olfatto molto elevato. Inoltre, dobbiamo valutare se utilizzeremo il cane in modo professionale, quindi uscendo tutti i giorni o solo il week-end. Nel caso di utilizzo intenso andremo ad acquistare un cane adatto al lavoro, derivante da una linea di sangue \u201cda Lavoro\u201d e con struttura fisica che gli permetta di lavorare per diverse ore in tutte le situazioni.<\/p>\r\n<p style=\"text-align: justify;\">I cani a pelo raso tipo Pointer non sono adatti al nostro clima infatti con il freddo perdono diversi chilogrammi mostrando le costole e tendono a ritornare alla macchina durante il lavoro. Molto adatti sono gli incroci Bracco\/Pointer Springer\/Pointer, Drathaar\/Bracco, Drathaar\/pointer, tutte le razze da caccia incrociate. Potrebbero andar bene anche le razze da caccia pure ma spesso tendono ad avere un elevato istinto venatorio e quindi a cacciare molto. Secondo la mia esperienza la razza migliore che si adatta a tutte le situazioni \u00e8 il Lagotto Romagnolo, unico cane riconosciuto da tartufi dall\u2019ENCI. Il Lagotto \u00e8 adatto soprattutto ai principianti perch\u00e9 ha un\u2019intelligenza estrema, in pochi giorni di addestramento si riesce a fagli cavare i tartufi, non ha istinto venatorio e con il suo pelo folto non patisce il freddo anche se in primavera ed estate necessita di pi\u00f9 tosature, per non fargli patire il caldo e per le erbacce, forasacchi ecc. che si attaccano al mantello durante la ricerca. Per concludere con i cani da caccia ci va un certo polso, hanno bisogno di regole rigide, per questo li consiglio a tartufai esperti mentre il Lagotto \u00e8 consigliato a chiunque.<\/p>\r\n<img class=\"aligncenter size-full wp-image-893\" src=\"https:\/\/isaporidellacollinaditorino.com\/wp-content\/uploads\/2018\/08\/lagotto1.png\" alt=\"\" width=\"643\" height=\"428\" \/>\r\n<p style=\"text-align: justify; margin: 3.75pt 0cm .0001pt 0cm;\"><span style=\"font-size: 12pt; font-family: georgia, palatino, serif; color: #666666;\">Per addestrare un cucciolo alla ricerca del tartufo \u00e8 necessario far associare al cane l'attivit\u00e0 di ricerca a quella del gioco; in modo graduale e senza pretendere risultati immediati. Questa pratica va effettuata a piccoli passi, con pazienza cercando di ripetere i vari passaggi di seguito riportati fino a quando il cane non abbia appreso ogni singolo esercizio.<\/span><\/p>\r\n<p style=\"text-align: justify; margin: 3.75pt 0cm .0001pt 0cm;\"><span style=\"font-size: 12pt; font-family: georgia, palatino, serif; color: #666666;\">Partendo dal presupposto che per il cane deve considerare il lavoro che ci apprestiamo a svolgere come un'attivit\u00e0 ludica, oltre a rimanere concentrato il pi\u00f9 possibile, andr\u00e0 seguito in modo costante. Gli esercizi dovranno avere durata breve, ci\u00f2 significa che ogni esercizio potr\u00e0 essere anche ripetuto varie volte durante la giornata, ma per poco tempo (da 5 a 15 minuti circa) perch\u00e9 essendo molto giovane i suoi livelli di attenzione\/concentrazione saranno limitati. Non dovremo insistere sul prolungamento di questi tempi, perch\u00e9 ritenendolo un gioco e stancandosi di praticarlo, se lo obbligassimo a continuare rischieremmo di ottenere l'effetto contrario...non avr\u00e0 pi\u00f9 piacere di ripeterlo.<\/span><\/p>\r\n<img class=\"aligncenter size-full wp-image-897\" src=\"https:\/\/isaporidellacollinaditorino.com\/wp-content\/uploads\/2018\/08\/cane2-1.png\" alt=\"\" width=\"600\" height=\"387\" \/>\r\n<p style=\"text-align: justify; margin: 3.75pt 0cm .0001pt 0cm;\"><span style=\"font-size: 12pt; font-family: georgia, palatino, serif; color: #666666;\">Vedrete che giorno dopo giorno, il cane risponder\u00e0 sempre meglio ai comandi e all'esecuzione dei vari esercizi ed aumentare gradualmente i tempi per l'esercitazione. \u00c8 molto complicato indicare dei tempi per l'allenamento del cane, il livello di concentrazione del cucciolo dipendono dal carattere del cane ed anche da quanto \u00e8 bravo l'addestratore a coinvolgere il proprio cane nelle varie pratiche.<\/span><\/p>\r\n<img class=\"aligncenter size-full wp-image-901\" src=\"https:\/\/isaporidellacollinaditorino.com\/wp-content\/uploads\/2018\/08\/cane3-1.png\" alt=\"\" width=\"656\" height=\"266\" \/>\r\n<p style=\"margin: 3.75pt 0cm 0.0001pt; text-align: justify;\"><span style=\"font-size: 12pt; font-family: georgia, palatino, serif; color: #666666;\">La passione all\u2019addestramento mi accompagna da diversi anni, devo dire che ogni cane ha la sua particolarit\u00e0 e va preso diversamente da un altro, Il lagotto con molta dolcezza, se non ha una linea di sangue da tartufo o comunque da lavoro sar\u00e0 molto difficile farlo lavorare, infatti sto notando negli ultimi anni che tantissimi privati probabilmente per scopo di lucro fanno cucciolate senza badare a diversi fattori importanti, incrociando lagotti con displasia, con poca attitudine al lavoro e all\u2019apprendimento\u2026 questi saranno ottimi cani da compagnia ma pessimi cercatori di tartufo.\u00a0 <\/span><span style=\"font-size: 12pt; font-family: georgia, palatino, serif; color: #666666;\">Da molti anni sto selezionando cani da lavoro, sia incroci caccia che Lagotti, devo dire che in media su una cucciolata di 7\/8 esemplari pi\u00f9 del 70% sono gi\u00e0 forti fin dai 3 mesi, lavorando con impegno, dedizione alla ricerca del tartufo e poche distrazioni. <\/span><span style=\"font-size: 12pt; font-family: georgia, palatino, serif; color: #666666;\">Solitamente prima dell\u2019addestramento sottoponiamo il cane a semplici test, per capire se abbia delle attitudini alla ricerca. <\/span><\/p>\r\n<p style=\"margin: 3.75pt 0cm 0.0001pt; text-align: justify;\"><span style=\"font-size: 12pt; font-family: georgia, palatino, serif; color: #666666;\">Con il primo test andremo ad indagare se al nostro cane piaccia il gusto del tartufo, poi proveremo a farci riportare uno straccetto con il profumo del tartufo, altro test importante \u00e8 valutare se il cane sia curioso, quindi attento a ci\u00f2 che facciamo\u2026 Se l\u2019animale fosse timido, pauroso, tenda a nascondersi, non mangi il tartufo, non sia interessato a noi e allo straccetto profumato, sar\u00e0 sicuramente un bravo cane ma da compagnia. <\/span><span style=\"font-size: 12pt; font-family: 'Arial', sans-serif; color: #666666;\"><span style=\"font-family: georgia, palatino, serif;\">Non \u00e8 detto che questo tipo di cani non diventeranno mai cercatori ma sicuramente avranno bisogno prima dell\u2019addestramento al tartufo, di un lungo periodo di lavoro sul comportamento, rinforzando il loro carattere, portandoli a fidarsi dell\u2019uomo e a combattere le proprie paure.<\/span> <\/span><\/p>\r\n<p style=\"text-align: justify; margin: 3.75pt 0cm .0001pt 0cm;\"><span style=\"font-size: 14.0pt; font-family: 'Arial',sans-serif; color: #666666;\">\u00a0<\/span><\/p>\r\n<p style=\"margin: 3.75pt 0cm 0.0001pt; text-align: center;\"><span style=\"font-size: 14pt; font-family: georgia, palatino, serif; color: #666666;\">Per info su addestramento, consigli, cucciolate, non esitate a contattarci.<\/span><\/p>\r\n<p style=\"margin: 3.75pt 0cm 0.0001pt; text-align: center;\"><span style=\"font-size: 14pt; font-family: georgia, palatino, serif; color: #666666;\">Luca Tel. 348.8699649<\/span><\/p>","_et_gb_content_width":"","footnotes":""},"class_list":["post-1462","page","type-page","status-publish","hentry"],"_links":{"self":[{"href":"https:\/\/isaporidellacollinaditorino.com\/en\/wp-json\/wp\/v2\/pages\/1462","targetHints":{"allow":["GET"]}}],"collection":[{"href":"https:\/\/isaporidellacollinaditorino.com\/en\/wp-json\/wp\/v2\/pages"}],"about":[{"href":"https:\/\/isaporidellacollinaditorino.com\/en\/wp-json\/wp\/v2\/types\/page"}],"author":[{"embeddable":true,"href":"https:\/\/isaporidellacollinaditorino.com\/en\/wp-json\/wp\/v2\/users\/1"}],"replies":[{"embeddable":true,"href":"https:\/\/isaporidellacollinaditorino.com\/en\/wp-json\/wp\/v2\/comments?post=1462"}],"version-history":[{"count":15,"href":"https:\/\/isaporidellacollinaditorino.com\/en\/wp-json\/wp\/v2\/pages\/1462\/revisions"}],"predecessor-version":[{"id":1991,"href":"https:\/\/isaporidellacollinaditorino.com\/en\/wp-json\/wp\/v2\/pages\/1462\/revisions\/1991"}],"wp:attachment":[{"href":"https:\/\/isaporidellacollinaditorino.com\/en\/wp-json\/wp\/v2\/media?parent=1462"}],"curies":[{"name":"wp","href":"https:\/\/api.w.org\/{rel}","templated":true}]}}