{"id":1510,"date":"2019-01-09T16:49:33","date_gmt":"2019-01-09T16:49:33","guid":{"rendered":"https:\/\/isaporidellacollinaditorino.com\/?page_id=1510"},"modified":"2019-02-06T16:18:18","modified_gmt":"2019-02-06T16:18:18","slug":"associazione-tartufai","status":"publish","type":"page","link":"https:\/\/isaporidellacollinaditorino.com\/en\/associazione-tartufai\/","title":{"rendered":"Association Trifole&#038;Trifol\u00e8 of the City of Turin"},"content":{"rendered":"<p>[et_pb_section fb_built=&#8221;1&#8243; _builder_version=&#8221;3.0.47&#8243; custom_padding=&#8221;0|0px|0|0px|false|false&#8221;][et_pb_row custom_padding=&#8221;0|0px|50px|0px|false|false&#8221; _builder_version=&#8221;3.0.48&#8243; background_size=&#8221;initial&#8221; background_position=&#8221;top_left&#8221; background_repeat=&#8221;repeat&#8221;][et_pb_column type=&#8221;4_4&#8243; _builder_version=&#8221;3.0.47&#8243; parallax=&#8221;off&#8221; parallax_method=&#8221;on&#8221;][et_pb_text _builder_version=&#8221;3.19.9&#8243; background_size=&#8221;initial&#8221; background_position=&#8221;top_left&#8221; background_repeat=&#8221;repeat&#8221;]<\/p>\n<p style=\"text-align: justify;\"><img loading=\"lazy\" decoding=\"async\" class=\"size-full wp-image-665 aligncenter\" src=\"https:\/\/isaporidellacollinaditorino.com\/wp-content\/uploads\/2018\/06\/logoAssociazione-e1528385032512.png\" alt=\"\" width=\"463\" height=\"232\" srcset=\"https:\/\/isaporidellacollinaditorino.com\/wp-content\/uploads\/2018\/06\/logoAssociazione-e1528385032512.png 463w, https:\/\/isaporidellacollinaditorino.com\/wp-content\/uploads\/2018\/06\/logoAssociazione-e1528385032512-300x150.png 300w\" sizes=\"(max-width: 463px) 100vw, 463px\" \/><\/p>\n<p>On June, 8th 1991 the Truffle Association of the city of Turin was founded in the Province Administration room and it was called \u201cTrifule &amp; Triful\u00e8\u201d (truffles and truffle hunters).<\/p>\n<p>The reason of this association is summarized in article 2 of its charter, where association vocation is comprehensively explained. However, highlighting what the association is not involved in is more significant\u2026<br \/>It is not a trade union for truffle hunters, although it takes care of their interests; it is not a group of environmentalists, although it is aware of the environment and territory; it is not a gastronomic guild, although it attracts consumers, where culture and market ultimately end; it is not even an intellectual elite.<\/p>\n<p>In brief, it is everything about truffles of whatever source.<\/p>\n<p>The name comes from an instinctive remark on mycorrhiza symbiosis: in the same way truffle and truffle hunters are in mutuality.<br \/>The founders represented eight municipalities of Turin Province at that time.<br \/>There is only one association in the former Turin province and its goal consists in safeguarding, protecting and promoting, in a wider meaning, truffles and any involved resources: funds, environment, knowledge, technique, hunters, market and related operators, consumers, scientific culture and tradition.<\/p>\n<p>The association works at first in the area of the City of Turin but without any territory boundary. In fact, since 2016 the President has represented Piedmont\u2019s truffle hunters towards the council for the promotion of regional truffle heritage.<\/p>\n<p>Our offices are in Rivalba, a little town where 1.193 inhabitants live.<\/p>\n<p>In the magnificent background of Turin&#8217;s hills the second weekend in November is dedicated to the typical product of this area and has been for more than twenty years: Tuber Magnatum Pico, namely the Refined White Truffle. On occasion, the mayor of Rivalba reminded us that \u201cThe Truffle is undoubtedly a distinguishing brand of excellence. It\u2019s the most prestigious product, the \u201cambassador\u201d of Piedmont in the world\u201d. Since 2012 Turin\u2019s hills White Truffle Fair, has highlighted the significant role of \u201cRefined White Truffle\u201d as leading product in the local food and wine field, and is certified as a \u201cNational Exhibition\u201d!<\/p>\n<p>The association offers the following services to its members:<\/p>\n<p>\u2013 Application for the examination to obtain the mandatory card for truffle hunting<br \/>\u2013 Course for examination, practical and oral.<br \/>\u2013 Ten-year renewal card, even in case of loss etc<br \/>\u2013 Safeguard of hunters by the regional council and institutions, updates about new laws, regulations etc.<br \/>\u2013 Available productive truffle lands belonging to Association property or on gratuitous loan or rented. These lands are continuously under maintenance such as mowing, pruning, plowing and planting.<br \/>\u2013 Every year suitable trees are planted to guarantee future truffles to new hunters.<br \/>\u2013 Truffle market-exhibition every year on the second Sunday of November in Rivalba.<br \/>\u2013 Simulated hunting with your dogs and hunting competitions.<br \/>Member rights:<br \/>\u2013 In addition to regulations contained in the general charter, each member shall deposit an annual fee equal to 40,00 Euro for the card<br \/>\u2013 Training course is free but before attendance, a fee equal to 40 Euro shall be paid, although the examination takes place in September\/October or end of the year.<br \/>\u2013 Only members \u201cLiberi Cercatori\u201d (Free Hunters) can be enrolled, namely hunters not belonging to unions, reserves or owning private productive, fenced lands or properties far from their house.<br \/>\u2013 Members shall respect truffle lands, by not throwing wastes, not spoiling trees and land, closing digged holes.<br \/>\u2013 Turns in the truffle land shall be observed in order not to distract dogs.<br \/>\u2013 Cars shall be parked on the roadside or in specific parking, never on grasslands or cultivated fields.<br \/>\u2013 Members shall take part in meetings over the year in order to be updated about possible amendments, decisions or exhibitions, above all to the annual general assembly.<\/p>\n<p>&nbsp;<\/p>\n<div class=\"large-12 columns\">\n<div class=\"entry-content\">\n<p><strong><u>STEERING GROUP<br \/> <\/u><\/strong><\/p>\n<p>Luca BANNO\u2019\u00a0\u00a0\u00a0\u00a0\u00a0\u00a0\u00a0\u00a0\u00a0\u00a0\u00a0\u00a0\u00a0\u00a0\u00a0\u00a0\u00a0\u00a0\u00a0\u00a0\u00a0 President<\/p>\n<p>Sergio MAGRI\u00a0\u00a0\u00a0\u00a0\u00a0\u00a0\u00a0\u00a0\u00a0\u00a0\u00a0 \u00a0\u00a0\u00a0\u00a0\u00a0\u00a0\u00a0\u00a0 Vice-President<\/p>\n<p>Mauro GIOVINE\u00a0\u00a0\u00a0\u00a0\u00a0\u00a0\u00a0\u00a0\u00a0\u00a0\u00a0\u00a0\u00a0\u00a0\u00a0\u00a0 Secretary<\/p>\n<p>Sergio VITTONE\u00a0\u00a0\u00a0\u00a0\u00a0\u00a0\u00a0\u00a0\u00a0\u00a0\u00a0\u00a0\u00a0\u00a0\u00a0\u00a0 Treasurer<\/p>\n<p><strong>HONORARY PRESIDENT<br \/> <\/strong><\/p>\n<p>Giovanni REVELLO<\/p>\n<p><strong>ADVISERS:<\/strong><\/p>\n<p>Stefano AIASSA<\/p>\n<p>Sergio SIANO<\/p>\n<p>Pierluigi GHIVARELLO<\/p>\n<p>Claudio POZZO<\/p>\n<p>Bruno FAVARO<\/p>\n<p><strong>AUDITORS:<\/strong><\/p>\n<p>Massimo SERRA<\/p>\n<p>Clotilde DESANTIS<\/p>\n<p>Giancarlo SAVIO<\/p>\n<p><strong><u>ZONE CHAIRPERSONS<br \/> <\/u><\/strong><\/p>\n<p>Carlo BAIOTTI\u00a0\u00a0\u00a0\u00a0\u00a0\u00a0\u00a0\u00a0\u00a0 \u00a0\u00a0\u00a0\u00a0\u00a0\u00a0 \u00a0 Chieri-Pecetto-Andezeno<\/p>\n<p>Luca BANNO\u2019\u00a0\u00a0\u00a0\u00a0\u00a0\u00a0\u00a0\u00a0\u00a0\u00a0\u00a0\u00a0 \u00a0\u00a0\u00a0\u00a0\u00a0\u00a0\u00a0 Sciolze<\/p>\n<p>Giuseppe BIANCO\u00a0\u00a0\u00a0\u00a0 \u00a0\u00a0\u00a0\u00a0\u00a0\u00a0\u00a0\u00a0 Cavagnolo<\/p>\n<p>Luigi BERRUTO\u00a0\u00a0\u00a0\u00a0\u00a0\u00a0\u00a0 \u00a0\u00a0\u00a0\u00a0\u00a0\u00a0\u00a0\u00a0 Mombello-Moriondo-Arignano<\/p>\n<p>Bruno FAVARO\u00a0\u00a0\u00a0\u00a0\u00a0\u00a0\u00a0\u00a0\u00a0 \u00a0\u00a0\u00a0\u00a0\u00a0\u00a0 \u00a0 Casalborgone<\/p>\n<p>P.luigi GHIVARELLO\u00a0\u00a0\u00a0\u00a0\u00a0\u00a0\u00a0 Rivalba-Gassino<\/p>\n<p>Mauro GIOVINE\u00a0\u00a0\u00a0\u00a0\u00a0\u00a0\u00a0 \u00a0\u00a0\u00a0\u00a0\u00a0\u00a0\u00a0\u00a0 Castiglione-S.Mauro-Rivodora-Baldissero-Pavarolo<\/p>\n<p>Sergio MAGRI\u00a0\u00a0\u00a0\u00a0\u00a0\u00a0\u00a0\u00a0\u00a0\u00a0\u00a0 \u00a0\u00a0\u00a0\u00a0\u00a0\u00a0 \u00a0 Monteu da Po<\/p>\n<p>Claudio POZZO\u00a0\u00a0\u00a0\u00a0\u00a0\u00a0\u00a0\u00a0\u00a0 \u00a0\u00a0\u00a0\u00a0\u00a0\u00a0 \u00a0 Riva Presso Chieri<\/p>\n<p>Sergio SIANO\u00a0\u00a0\u00a0\u00a0\u00a0\u00a0\u00a0\u00a0\u00a0\u00a0\u00a0\u00a0 \u00a0\u00a0\u00a0\u00a0\u00a0\u00a0 \u00a0 Pino Torinese<\/p>\n<p>Marco CALVO\u00a0\u00a0\u00a0\u00a0\u00a0\u00a0\u00a0\u00a0\u00a0\u00a0\u00a0 \u00a0\u00a0\u00a0\u00a0\u00a0\u00a0 \u00a0 Brozolo<\/p>\n<p>G.carlo ROSSOTTO\u00a0\u00a0\u00a0\u00a0\u00a0\u00a0\u00a0\u00a0\u00a0\u00a0 Cinzano<\/p>\n<\/div>\n<\/div>\n<p style=\"text-align: justify;\">\n<p>[\/et_pb_text][et_pb_text _builder_version=&#8221;3.19.4&#8243; text_font=&#8221;Abhaya Libre||||||||&#8221; text_text_color=&#8221;#e02b20&#8243; text_line_height=&#8221;1em&#8221; header_font=&#8221;||||||||&#8221; header_2_font=&#8221;||||||||&#8221; header_3_font=&#8221;||||||||&#8221; header_4_font=&#8221;||||||||&#8221; header_5_font=&#8221;||||||||&#8221; background_color=&#8221;rgba(224,153,0,0.71)&#8221; border_radii=&#8221;on|36px|36px|36px|36px&#8221; max_width=&#8221;68%&#8221; module_alignment=&#8221;center&#8221; custom_margin=&#8221;0px||&#8221; custom_padding=&#8221;40px||21px&#8221;]<\/p>\n<h3 style=\"text-align: center;\"><\/h3>\n<h2 style=\"text-align: center;\">CONTACT US<\/h2>\n<h3 style=\"text-align: center;\">For further information you can get in contact with the association president Mr Luca Bann\u00f2<\/h3>\n<h2 style=\"text-align: center;\"><\/h2>\n<h2 style=\"text-align: center;\">Tel. 348.8699649<\/h2>\n<p>&nbsp;<\/p>\n<h3 style=\"text-align: center;\">or you can join us every first Monday of the month to the Societ\u00e0 di mutuo soccorso (Mutual Help society) in Rivalba at 9 pm<\/h3>\n<h3 style=\"text-align: center;\">E-mail:\u00a0<strong style=\"font-size: 22px;\">trifoleandtrifole@yahoo.it<\/strong><\/h3>\n<p>[\/et_pb_text][\/et_pb_column][\/et_pb_row][\/et_pb_section][et_pb_section fb_built=&#8221;1&#8243; _builder_version=&#8221;3.19.12&#8243; custom_padding=&#8221;0|0px|0|0px|false|false&#8221;][et_pb_row use_custom_width=&#8221;on&#8221; width_unit=&#8221;off&#8221; custom_width_percent=&#8221;100%&#8221; custom_padding=&#8221;35px|0px|27px|0px|false|false&#8221; custom_margin=&#8221;|||0px&#8221; disabled_on=&#8221;off|off|off&#8221; _builder_version=&#8221;3.19.12&#8243; background_color=&#8221;#1e1e1e&#8221; background_image=&#8221;https:\/\/isaporidellacollinaditorino.com\/wp-content\/uploads\/2018\/05\/BANNER_TorinoGrey-1-e1528386801986-1.jpg&#8221; background_position=&#8221;top_center&#8221; background_blend=&#8221;overlay&#8221; module_alignment=&#8221;center&#8221; global_module=&#8221;1905&#8243; saved_tabs=&#8221;all&#8221;][et_pb_column type=&#8221;1_5&#8243; _builder_version=&#8221;3.19.3&#8243; parallax=&#8221;off&#8221; parallax_method=&#8221;on&#8221;][\/et_pb_column][et_pb_column type=&#8221;1_5&#8243; _builder_version=&#8221;3.19.3&#8243; parallax=&#8221;off&#8221; parallax_method=&#8221;on&#8221;][et_pb_image src=&#8221;https:\/\/isaporidellacollinaditorino.com\/wp-content\/uploads\/2018\/05\/image823.png&#8221; show_bottom_space=&#8221;off&#8221; _builder_version=&#8221;3.19.4&#8243; border_radii=&#8221;on|21px|21px|21px|21px&#8221; max_width=&#8221;22%&#8221; module_alignment=&#8221;center&#8221; custom_margin=&#8221;0px||15px&#8221;][\/et_pb_image][et_pb_text _builder_version=&#8221;3.19.4&#8243; text_font=&#8221;||on||||||&#8221; text_text_color=&#8221;rgba(255,255,255,0.87)&#8221; text_font_size_last_edited=&#8221;off|desktop&#8221; header_font=&#8221;||||||||&#8221; max_width=&#8221;90%&#8221; module_alignment=&#8221;center&#8221; custom_margin=&#8221;|||25px&#8221;]<\/p>\n<p style=\"text-align: center;\">\u201cFin da bambino seguivo mio nonno che oltre ad essere cacciatore, era triful\u00e8 come si dice in torinese, tartufaio. Lo vedevo uscire di casa al mattino presto, quando era ancora buio, per recarsi, segretamente, con i suoi cani fidati nelle valli circostanti alla ricerca del prezioso Tuber Magnatum Pico (tartufo bianco pregiato). La passione di mio nonno era, oltre la ricerca, l\u2019addestramento dei cani da tartufo, passione che mi ha trasmesso dopo avermi insegnato passo per passo\u201d<\/p>\n<p>&nbsp;<\/p>\n<p>[\/et_pb_text][\/et_pb_column][et_pb_column type=&#8221;1_5&#8243; _builder_version=&#8221;3.19.3&#8243; parallax=&#8221;off&#8221; parallax_method=&#8221;on&#8221;][et_pb_social_media_follow follow_button=&#8221;on&#8221; _builder_version=&#8221;3.19.4&#8243; border_color_all=&#8221;rgba(255,255,255,0.28)&#8221; text_orientation=&#8221;center&#8221; background_layout=&#8221;dark&#8221; filter_hue_rotate=&#8221;359deg&#8221; filter_saturate=&#8221;115%&#8221; filter_brightness=&#8221;105%&#8221; filter_contrast=&#8221;98%&#8221; filter_sepia=&#8221;1%&#8221;][et_pb_social_media_follow_network social_network=&#8221;facebook&#8221; url=&#8221;https:\/\/www.facebook.com\/Sapori-della-collina-di-Torino-2129286640652210\/&#8221; _builder_version=&#8221;3.19.3&#8243; background_color=&#8221;#3b5998&#8243; follow_button=&#8221;on&#8221; url_new_window=&#8221;on&#8221;]facebook[\/et_pb_social_media_follow_network][et_pb_social_media_follow_network social_network=&#8221;instagram&#8221; url=&#8221;https:\/\/www.instagram.com\/sapori_collina_torino\/&#8221; _builder_version=&#8221;3.19.3&#8243; background_color=&#8221;#ea2c59&#8243; follow_button=&#8221;on&#8221; url_new_window=&#8221;on&#8221;]instagram[\/et_pb_social_media_follow_network][\/et_pb_social_media_follow][\/et_pb_column][et_pb_column type=&#8221;1_5&#8243; _builder_version=&#8221;3.19.3&#8243; parallax=&#8221;off&#8221; parallax_method=&#8221;on&#8221;][et_pb_text _builder_version=&#8221;3.19.12&#8243; text_font=&#8221;||on||||||&#8221; text_text_color=&#8221;rgba(255,255,255,0.87)&#8221;]<\/p>\n<p>I Sapori della Collina di Torino di Luca Bann\u00f2<\/p>\n<p>Sede Legale: Regione Tetti Sachero 23<br \/> 10090 Sciolze (TO)<\/p>\n<p style=\"text-align: left;\">P.IVA: IT11574690019<\/p>\n<p>E-mail: info@isaporidellacollinaditorino.com<\/p>\n<p>[\/et_pb_text][\/et_pb_column][et_pb_column type=&#8221;1_5&#8243; _builder_version=&#8221;3.19.3&#8243; parallax=&#8221;off&#8221; parallax_method=&#8221;on&#8221;][\/et_pb_column][\/et_pb_row][\/et_pb_section]<\/p>\n","protected":false},"excerpt":{"rendered":"<p>On June, 8th 1991 the Truffle Association of the city of Turin was founded in the Province Administration room and it was called \u201cTrifule &amp; Triful\u00e8\u201d (truffles and truffle hunters). The reason of this association is summarized in article 2 of its charter, where association vocation is comprehensively explained. However, highlighting what the association is [&hellip;]<\/p>\n","protected":false},"author":1,"featured_media":1515,"parent":0,"menu_order":0,"comment_status":"closed","ping_status":"closed","template":"","meta":{"_et_pb_use_builder":"on","_et_pb_old_content":"<p style=\"text-align: justify;\"><img class=\"size-full wp-image-665 aligncenter\" src=\"https:\/\/isaporidellacollinaditorino.com\/wp-content\/uploads\/2018\/06\/logoAssociazione-e1528385032512.png\" alt=\"\" width=\"463\" height=\"232\" \/><\/p>\r\n<p style=\"text-align: justify;\">L\u20198 giugno 1991, nei saloni dell\u2019Amministrazione Provinciale, si \u00e8 costituita L\u2019Associazione per il tartufo della Provincia di Torino, denominata \u201cTrifule & Triful\u00e8\u201d (tartufi e tartufai).\r\nLa motivazione di questa Associazione \u00e8 riassunta nell\u2019articolo due dello Statuto, dove traspare, a tutto tondo, la vocazione della medesima; ma forse \u00e8 pi\u00f9 significativo sottolineare ci\u00f2 che l\u2019Associazione non \u00e8\u2026<\/p>\r\n<p style=\"text-align: justify;\">Non \u00e8 un sindacato di categoria dei tartufai, anche se \u00e8 sensibile ai loro interessi; non \u00e8 un insieme di ecologisti, anche se guarda con sensibilit\u00e0 all\u2019ambiente ed al territorio; non \u00e8 una confraternita gastronomica, anche se ammicca ai consumatori, ultimi depositari di una cultura ed un mercato; non \u00e8, nemmeno, una \u00e9lite di intellettuali.\r\nIn sintesi, \u00e8 l\u2019insieme di qualsivoglia iniziativa, intorno al tema del Tartufo.<\/p>\r\n<p style=\"text-align: justify;\">Il nome, poi nasce da una spontanea osservazione sulla simbiosi della micorriza: cos\u00ec, in pari mutualit\u00e0, sono il tartufo ed il suo Tartufaio.\r\nNel gruppo dei fondatori erano rappresentati ben otto comuni della Provincia di Torino.<\/p>\r\n<p style=\"text-align: justify;\">L\u2019Associazione, l\u2019unica nella ex Provincia di Torino ha lo scopo di tutelare, difendere e promuovere, nella accezione pi\u00f9 ampia, il tartufo e per esso ogni risorsa che ne sia coinvolta: i fondi, l\u2019ambiente, la conoscenza e la tecnica, i raccoglitori, il mercato ed i suoi operatori, i consumatori, la cultura scientifica e della tradizione.<\/p>\r\n<p style=\"text-align: justify;\">L\u2019ass. opera con vocazione primaria nell\u2019Area Metropolitana di Torino ma senza vincolo territoriale alcuno, infatti dal 2016 il Presidente rappresenta i tartufai piemontesi alla Consulta per la valorizzazione del patrimonio tartufigeno regionale.<\/p>\r\n<p style=\"text-align: justify;\">La nostra sede si trova a Rivalba, un paesino di 1.193 abitanti. Nell\u2019incantevole cornice delle colline torinesi il secondo week end di novembre da oltre un ventennio \u00e8 dedicato al prodotto tipico del territorio: il Tuber Magnatum Pico ovvero il Tartufo Bianco Pregiato. In occasione della presentazione della scorsa edizione il Sindaco di Rivalba ha ricordato che \u201cIl tartufo \u00e8 senza dubbio un marchio distintivo d\u2019eccellenza, direi il pi\u00f9 prestigioso dei prodotti, da considerarsi come l\u2019ambasciatore del Piemonte e delle sue colline nel mondo\". Dal 2012 la Fiera del Tartufo Bianco delle Colline Torinesi, manifestazione che sottolinea il ruolo fondamentale del \u201cTartufo Bianco Pregiato\u201d, veicolo trainante dell\u2019enogastronomia locale, ha ottenuto la qualifica di \"Nazionale\".<\/p>\r\n<p style=\"text-align: justify;\"><strong>Servizi dell\u2019Associazione verso i soci:<\/strong><\/p>\r\n\r\n<ul style=\"text-align: justify;\">\r\n \t<li>Iscrizione all\u2019esame per ottenere il tesserino obbligatorio alla ricerca dei tartufi<\/li>\r\n \t<li>Corso per la preparazione all\u2019esame, pratico ed orale.<\/li>\r\n \t<li>Rinnovo decennale tesserino, smarrimento ecc<\/li>\r\n \t<li>Tutela dei cercatori tramite la Consulta regionale ed istituzioni, aggiornamenti sulle nuove leggi, disposizioni ecc.<\/li>\r\n \t<li>Tartufaie produttive a disposizione dei soci, su terreni di propriet\u00e0 dell\u2019Associzione e fondi in comodato d\u2019uso o affitto, su di esse viene fatta una manutenzione continua, taglio erba, potature, lavorazione terreno, messa a dimora nuove piante.<\/li>\r\n \t<li>Ogni anno forestiamo terreni con piante vocate, per garantire una futura produzione di tartufo ai nuovi cercatori.<\/li>\r\n \t<li>Mostra mercato del tartufo ogni anno la seconda domenica di novembre a Rivalba.<\/li>\r\n \t<li>Ricerche simulate con i nostri cani e gare su ring.<\/li>\r\n<\/ul>\r\n<p style=\"text-align: justify;\"><strong>Doveri dei soci verso l\u2019Associazione:<\/strong><\/p>\r\n\r\n<ul style=\"text-align: justify;\">\r\n \t<li>Oltre alle disposizioni presenti sullo statuto generale, ogni socio \u00e8 tenuto a versare annualmente il costo di 40,00 Euro per la tessera<\/li>\r\n \t<li>Il corso di formazione \u00e8 gratuito ma prima di partecipare bisogna associarsi e pagare la quota di 40 Euro anche se l\u2019esame si terr\u00e0 nella sessione di settembre\/ottobre quindi verso la fine dell\u2019anno.<\/li>\r\n \t<li><u>Si potranno iscrivere solamente i soci \u201cLiberi Cercatori\u201d cio\u00e8 non appartenenti a consorzi, riserve o aventi terreni privati, produttivi, recintati, lontani dalle proprie abitazioni cio\u00e8 non pertinenti ad esse.<\/u><\/li>\r\n \t<li>I soci dovranno rispettare le tartufaie, non lasciando a terra immondizia, non rovinando le piante ed il terreno, chiudendo sempre le buche aperte.<\/li>\r\n \t<li>I turni in tartufaia vanno rispettati al fine di non dare fastidio ai cani durante il loro lavoro.<\/li>\r\n \t<li>Le macchine vanno lasciate sul bordo della strada o sui piazzali appositi, mai sull\u2019erba da tagliare, non devono passare in mezzo ai prati o sui campi coltivati.<\/li>\r\n \t<li>I soci devono partecipare alle riunioni che si tengono durante l\u2019anno al fine di tenersi aggiornati su eventuali modifiche, decisioni o manifestazioni, soprattutto all\u2019assemblea generale annuale.<\/li>\r\n<\/ul>\r\n<p style=\"text-align: justify;\">Mail: <a href=\"mailto:trifoleandtrifole@yahoo.it\">trifoleandtrifole@yahoo.it<\/a><\/p>\r\n<p style=\"text-align: justify;\"><strong><u>GRUPPO DIRETTIVO<\/u><\/strong><\/p>\r\n<p style=\"text-align: justify;\">Luca BANNO'\u00a0\u00a0\u00a0\u00a0\u00a0\u00a0\u00a0\u00a0\u00a0\u00a0\u00a0\u00a0\u00a0\u00a0\u00a0\u00a0\u00a0\u00a0\u00a0\u00a0\u00a0 Presidente<\/p>\r\n<p style=\"text-align: justify;\">Sergio MAGRI\u00a0\u00a0\u00a0\u00a0\u00a0\u00a0\u00a0\u00a0\u00a0\u00a0\u00a0 \u00a0\u00a0\u00a0\u00a0\u00a0\u00a0\u00a0\u00a0 Vice Presidente<\/p>\r\n<p style=\"text-align: justify;\">Mauro GIOVINE\u00a0\u00a0\u00a0\u00a0\u00a0\u00a0\u00a0\u00a0\u00a0\u00a0\u00a0\u00a0\u00a0\u00a0\u00a0\u00a0 Segretario<\/p>\r\n<p style=\"text-align: justify;\">Sergio VITTONE\u00a0\u00a0\u00a0\u00a0\u00a0\u00a0\u00a0\u00a0\u00a0\u00a0\u00a0\u00a0\u00a0\u00a0\u00a0\u00a0 Tesoriere<\/p>\r\n<p style=\"text-align: justify;\"><span style=\"text-decoration: underline;\"><strong>PRESIDENTE ONORARIO:<\/strong><\/span><\/p>\r\n<p style=\"text-align: justify;\">Giovanni REVELLO<\/p>\r\n<p style=\"text-align: justify;\"><span style=\"text-decoration: underline;\"><strong>CONSIGLIERI:<\/strong><\/span><\/p>\r\n<p style=\"text-align: justify;\">Stefano AIASSA<\/p>\r\n<p style=\"text-align: justify;\">Sergio SIANO<\/p>\r\n<p style=\"text-align: justify;\">Pierluigi GHIVARELLO<\/p>\r\n<p style=\"text-align: justify;\">Claudio POZZO<\/p>\r\n<p style=\"text-align: justify;\">Bruno FAVARO<\/p>\r\n<p style=\"text-align: justify;\"><span style=\"text-decoration: underline;\"><strong>REVISORI DEI CONTI:<\/strong><\/span><\/p>\r\n<p style=\"text-align: justify;\">Massimo SERRA<\/p>\r\n<p style=\"text-align: justify;\">Clotilde DESANTIS<\/p>\r\n<p style=\"text-align: justify;\">Giancarlo SAVIO<\/p>\r\n<p style=\"text-align: justify;\"><strong><u>DELEGATI DI ZONA<\/u><\/strong><\/p>\r\n<p style=\"text-align: justify;\">Carlo BAIOTTI\u00a0\u00a0\u00a0\u00a0\u00a0\u00a0\u00a0\u00a0\u00a0 \u00a0\u00a0\u00a0\u00a0\u00a0\u00a0 \u00a0 Chieri-Pecetto-Andezeno<\/p>\r\n<p style=\"text-align: justify;\">Luca BANNO'\u00a0\u00a0\u00a0\u00a0\u00a0\u00a0\u00a0\u00a0\u00a0\u00a0\u00a0\u00a0 \u00a0\u00a0\u00a0\u00a0\u00a0\u00a0\u00a0 Sciolze<\/p>\r\n<p style=\"text-align: justify;\">Giuseppe BIANCO\u00a0\u00a0\u00a0\u00a0 \u00a0\u00a0\u00a0\u00a0\u00a0\u00a0\u00a0\u00a0 Cavagnolo<\/p>\r\n<p style=\"text-align: justify;\">Luigi BERRUTO\u00a0\u00a0\u00a0\u00a0\u00a0\u00a0\u00a0 \u00a0\u00a0\u00a0\u00a0\u00a0\u00a0\u00a0\u00a0 Mombello-Moriondo-Arignano<\/p>\r\n<p style=\"text-align: justify;\">Bruno FAVARO\u00a0\u00a0\u00a0\u00a0\u00a0\u00a0\u00a0\u00a0\u00a0 \u00a0\u00a0\u00a0\u00a0\u00a0\u00a0 \u00a0 Casalborgone<\/p>\r\n<p style=\"text-align: justify;\">P.luigi GHIVARELLO\u00a0\u00a0\u00a0\u00a0\u00a0\u00a0\u00a0 Rivalba-Gassino<\/p>\r\n<p style=\"text-align: justify;\">Mauro GIOVINE\u00a0\u00a0\u00a0\u00a0\u00a0\u00a0\u00a0 \u00a0\u00a0\u00a0\u00a0\u00a0\u00a0\u00a0\u00a0 Castiglione-S.Mauro-Rivodora-Baldissero-Pavarolo<\/p>\r\n<p style=\"text-align: justify;\">Sergio MAGRI\u00a0\u00a0\u00a0\u00a0\u00a0\u00a0\u00a0\u00a0\u00a0\u00a0\u00a0 \u00a0\u00a0\u00a0\u00a0\u00a0\u00a0 \u00a0 Monteu da Po<\/p>\r\n<p style=\"text-align: justify;\">Claudio POZZO\u00a0\u00a0\u00a0\u00a0\u00a0\u00a0\u00a0\u00a0\u00a0 \u00a0\u00a0\u00a0\u00a0\u00a0\u00a0 \u00a0 Riva Presso Chieri<\/p>\r\n<p style=\"text-align: justify;\">Sergio SIANO\u00a0\u00a0\u00a0\u00a0\u00a0\u00a0\u00a0\u00a0\u00a0\u00a0\u00a0\u00a0 \u00a0\u00a0\u00a0\u00a0\u00a0\u00a0 \u00a0 Pino Torinese<\/p>\r\n<p style=\"text-align: justify;\">Marco CALVO\u00a0\u00a0\u00a0\u00a0\u00a0\u00a0\u00a0\u00a0\u00a0\u00a0\u00a0 \u00a0\u00a0\u00a0\u00a0\u00a0\u00a0 \u00a0 Brozolo<\/p>\r\n<p style=\"text-align: justify;\">G.carlo ROSSOTTO\u00a0\u00a0\u00a0\u00a0\u00a0\u00a0\u00a0\u00a0\u00a0\u00a0 Cinzano<\/p>\r\n<p style=\"text-align: justify;\"><strong>Per informazioni potete contattare il presidente Luca Bann\u00f2 Tel 348.8699649<\/strong><\/p>\r\n<p style=\"text-align: justify;\"><strong>Oppure ci potete trovare tutti i primi luned\u00ec del mese alla Societ\u00e0 di mutuo soccorso a Rivalba alle ore 21.00<\/strong><\/p>","_et_gb_content_width":"","footnotes":""},"class_list":["post-1510","page","type-page","status-publish","has-post-thumbnail","hentry"],"_links":{"self":[{"href":"https:\/\/isaporidellacollinaditorino.com\/en\/wp-json\/wp\/v2\/pages\/1510","targetHints":{"allow":["GET"]}}],"collection":[{"href":"https:\/\/isaporidellacollinaditorino.com\/en\/wp-json\/wp\/v2\/pages"}],"about":[{"href":"https:\/\/isaporidellacollinaditorino.com\/en\/wp-json\/wp\/v2\/types\/page"}],"author":[{"embeddable":true,"href":"https:\/\/isaporidellacollinaditorino.com\/en\/wp-json\/wp\/v2\/users\/1"}],"replies":[{"embeddable":true,"href":"https:\/\/isaporidellacollinaditorino.com\/en\/wp-json\/wp\/v2\/comments?post=1510"}],"version-history":[{"count":10,"href":"https:\/\/isaporidellacollinaditorino.com\/en\/wp-json\/wp\/v2\/pages\/1510\/revisions"}],"predecessor-version":[{"id":1995,"href":"https:\/\/isaporidellacollinaditorino.com\/en\/wp-json\/wp\/v2\/pages\/1510\/revisions\/1995"}],"wp:featuredmedia":[{"embeddable":true,"href":"https:\/\/isaporidellacollinaditorino.com\/en\/wp-json\/wp\/v2\/media\/1515"}],"wp:attachment":[{"href":"https:\/\/isaporidellacollinaditorino.com\/en\/wp-json\/wp\/v2\/media?parent=1510"}],"curies":[{"name":"wp","href":"https:\/\/api.w.org\/{rel}","templated":true}]}}