{"id":1524,"date":"2019-01-09T17:08:42","date_gmt":"2019-01-09T17:08:42","guid":{"rendered":"https:\/\/isaporidellacollinaditorino.com\/?page_id=1524"},"modified":"2019-02-06T16:15:41","modified_gmt":"2019-02-06T16:15:41","slug":"the-history-of-truffle-2","status":"publish","type":"page","link":"https:\/\/isaporidellacollinaditorino.com\/en\/the-history-of-truffle-2\/","title":{"rendered":"The History of Truffle"},"content":{"rendered":"<p>[et_pb_section fb_built=&#8221;1&#8243; _builder_version=&#8221;3.0.47&#8243; custom_padding=&#8221;0|0px|0|0px|false|false&#8221;][et_pb_row use_custom_width=&#8221;on&#8221; width_unit=&#8221;off&#8221; custom_width_percent=&#8221;100%&#8221; custom_padding=&#8221;100px|0px|100px|0px|false|false&#8221; custom_padding_last_edited=&#8221;on|desktop&#8221; _builder_version=&#8221;3.19.4&#8243; background_image=&#8221;https:\/\/isaporidellacollinaditorino.com\/wp-content\/uploads\/2018\/07\/rect1381-1.png&#8221; border_radii=&#8221;|||15px|15px&#8221;][et_pb_column type=&#8221;4_4&#8243; _builder_version=&#8221;3.19.3&#8243; parallax=&#8221;off&#8221; parallax_method=&#8221;on&#8221;][et_pb_text _builder_version=&#8221;3.19.4&#8243; text_font=&#8221;||||||||&#8221; text_text_color=&#8221;#ffffff&#8221; header_font=&#8221;||||||||&#8221; header_text_color=&#8221;rgba(255,255,255,0.96)&#8221; custom_margin=&#8221;||&#8221;]<\/p>\n<header class=\"entry-header \">\n<div class=\"row\">\n<div class=\"large-8 large-centered columns without-sidebar\">\n<h1 class=\"entry-title\" style=\"text-align: center;\">THE HISTORY OF TRUFFLES<\/h1>\n<\/div>\n<\/div>\n<\/header>\n<p>[\/et_pb_text][\/et_pb_column][\/et_pb_row][et_pb_row _builder_version=&#8221;3.19.4&#8243; background_size=&#8221;initial&#8221; background_position=&#8221;top_left&#8221; background_repeat=&#8221;repeat&#8221;][et_pb_column type=&#8221;4_4&#8243; _builder_version=&#8221;3.0.47&#8243; parallax=&#8221;off&#8221; parallax_method=&#8221;on&#8221;][et_pb_text _builder_version=&#8221;3.19.9&#8243; background_size=&#8221;initial&#8221; background_position=&#8221;top_left&#8221; background_repeat=&#8221;repeat&#8221;]<\/p>\n<p><strong>\u00a0<\/strong><\/p>\n<h3><span><strong>WHAT ARE TRUFFLES<\/strong><\/span><\/h3>\n<p>&nbsp;<\/p>\n<p><strong><img decoding=\"async\" src=\"https:\/\/isaporidellacollinaditorino.com\/wp-content\/uploads\/2018\/05\/cicloTartufo.jpg\" \/><\/strong><\/p>\n<p style=\"text-align: right;\"><span style=\"font-size: x-small;\"><strong><em>Truffle\u2019s biological cycle (Picture from the manual \u201cRegione Piemonte per sostenere l\u2019esame abilitazione alla ricerca del tartufo\u201d \u2013Regione Piemonte to undergo the qualifying examination for truffle hunting-www.regione.piemonte.it).<\/em><\/strong><\/span><\/p>\n<p>Truffles are an underground fungi (hypogeous) belonging to the Ascomycota division, divided into several species and gathered according to their category and family. The most important truffle belongs to the Tuber category. Truffles are not to be confused with tubers, which have a particular shape of stem, like a potato. Truffle defines both the general fungus and its fruitbody (sporocarp), which is what is hunted and sold. The outer part of the fruitbody is called peridium, a thin peel, which can be either smooth or rough, according to species. Colour can vary as well from ocher to light pink and even very dark brown, almost black, according to both species as well as ripening. The inner part, less solid than peridium, is called gleba and characterizes each kind in detail. As a matter of fact, it has different winding veinings, resulting from the filaments of mycelium, which diversify according to the type and colour.<\/p>\n<p>Inside the gleba veinings define alveoli, where cellular structures called asci are embedded. Asci contain spores, which create new mycelia by germinating. New micelia can touch other root tips. Truffles, like other fungi, are chlorophyll-free, so they cannot produce the organic substance for their development by themselves. Generally, truffles take the necessary organic substance from trees and establish mutual symbiosis with them. In fact, both of them gain advantages from such relation. Symbiosis takes place within roots by means of hyphae, long cellular filaments making up the mycelium, namely the vegetative part of the fungi. Hyphae intertwine with tree radicles and weave into the first cell layers of roots creating a crisscross framework. From Mycohrriza many hyphae expand so that the fungus can search for more terrain and absorb nutrients. The fungus absorbs organic substances produced by the plant, while the plant absorbs water and mineral salts more easily through the thick filament net. Truffle develops underground all through its life cycle and depth varies from 5 to 30 cm and more. Truffle reproduces by means of spores, which create mycelium. Mycelium micorrizes in turn other plant\u2019s roots. From mycelium a fruitbody can develop, if particular climate and terrain conditions occur, the cycle is completed. Filament net of mycelium is not easily distinguishable. As a matter of fact, the fruitbody is often isolated. Truffles shape is generally spherical, more or less irregular, and size can vary from hazelnut to fist size, according to species, with several exceptions. Size depends on the climate and the kind of terrain, where truffle develops. (From the manual \u201cRegione Piemonte per sostenere l\u2019esame abilitazione alla ricerca del tartufo\u201d \u2013Regione Piemonte undergo the qualifying examination for truffle hunting- <a href=\"http:\/\/www.regione.piemonte.it)\">www.regione.piemonte.it)<\/a>.<\/p>\n<h4><\/h4>\n<h4><strong>ANTIQUITY<\/strong><\/h4>\n<p>Truffles have been known for a very long time. However, we don\u2019t know for sure whether the historians of antiquity referred to the same truffles, or other hypogeal fungi. It is therefore just a theory that the Sumerians and Jewish, ca. 1700-1600 b.C., consumed truffles. The first mention appears in the Naturalis Historia by Pliny the Elder (79 A.D.). The anecdotes told show that truffles, Tuber in Latin, were greatly appreciated by the Romans, who certainly learned about their culinary use from the Etruscans. In the first century, the philosopher Plutarch of Cheronea introduced the idea that this precious fungus originated from the combined action of water, warmth and lightning. Many later poets derived inspiration from this idea. Juvenal, for example, explained its origin as the result of lightning thrown by Jove near an Oak, a tree sacred to the Father of all gods. Also, due to Jove\u2019s well-known power of seduction, aphrodisiac properties have always been ascribed to truffles. (Text from site <a href=\"http:\/\/www.tuber.it)\">www.tuber.it)<\/a><\/p>\n<h4><strong><\/strong><\/h4>\n<h4><strong>MIDDLE AGES AND RENAISSANCE<\/strong><\/h4>\n<p>For a long time, naturalists had divergent opinions about truffle classification. Some classified it as a plant, others as a growth of the soil and even an animal! Aside from the various beliefs, truffles were highly appreciated, especially by the nobles and high priests. Some scientists of that time described the truffle aroma as a sort of quintessence producing ecstatic effects on human beings: the sublime synthesis of the satisfaction of all senses as the representation of a superior pleasure.<\/p>\n<p>&nbsp;<\/p>\n<p><img loading=\"lazy\" decoding=\"async\" class=\"size-full wp-image-821 aligncenter\" src=\"https:\/\/isaporidellacollinaditorino.com\/wp-content\/uploads\/2018\/06\/nonnoTartufo.png\" alt=\"\" width=\"232\" height=\"332\" srcset=\"https:\/\/isaporidellacollinaditorino.com\/wp-content\/uploads\/2018\/06\/nonnoTartufo.png 232w, https:\/\/isaporidellacollinaditorino.com\/wp-content\/uploads\/2018\/06\/nonnoTartufo-210x300.png 210w\" sizes=\"(max-width: 232px) 100vw, 232px\" \/><\/p>\n<p style=\"text-align: right;\"><span style=\"font-size: x-small;\"><em><strong>EUGENIO AGNELLO called the genius with a Tuber Magnatum Pico of grams 1.340 year 1971<\/strong><\/em><\/span><\/p>\n<p>&nbsp;<\/p>\n<h4><strong>THE PIEDMONTESE AND ALBA TRUFFLES<\/strong><\/h4>\n<p>In 1700 the Piedmontese truffle was considered a delicacy by the European nobility. Composer Gioacchino Rossini was among the admirers of this \u201cfruit of the earth\u201d and referred to it as the \u201cMozart of all mushrooms\u201d. The Piedmontese white truffle was considered the most prestigious, but it is only in 1900 that the Truffle of Alba became world famous,thanks to Giacomo Morra and his brilliant promotional ideas. Giacomo, hotelier and restaurateur in Alba, was rightfully \u201ccrowned\u201d the King of Truffles in 1933 by The Times.<\/p>\n<h4><\/h4>\n<h4><strong>THE TRUFFLE FROM TURIN&#8217;S HILLS<\/strong><\/h4>\n<p>Despite truffle\u2019s old origins, early scientific studies were performed just starting from the 18th century, to be exact in 1788, when the Latin name Tuber Magnatum was created. The Turinese physician Dott. Vittorio Pico invented such a name defining the white truffle as \u201ctruffle for magnates\u201d.<br \/>The House of Savoy greatly loved truffles and sent them as a \u201cdiplomatic gift\u201d to all other Courts in Europe. They used to invite friends and influential people to take part in their truffle hunting in Turin&#8217;s hills. Thus, they started a new trend among the European noble families and the white truffle myth began.<\/p>\n<p>An abundant amount of truffles can be found in the area around Turin, starting from its wonderful parks with very old trees, which have been producing the renowned white Alba truffle for hundreds of years (we remind you that Alba is the truffle\u2019s classification and not the origin). Then in the magnificent hill area, where truffle hunters find both white and black truffles in the valley floors. Lastly in Rivalba, a gorgeous village, where Turin\u2019s hills white truffle fair has been taking place for many years now and has become a national exhibition. (Text from site www.tuber.it)<\/p>\n<p>&nbsp;<\/p>\n<div style=\"background: initial !important; border: initial !important; border-radius: initial !important; border-spacing: initial !important; border-collapse: initial !important; direction: ltr !important; flex-direction: initial !important; font-weight: initial !important; height: initial !important; letter-spacing: initial !important; min-width: initial !important; max-width: initial !important; min-height: initial !important; max-height: initial !important; margin: auto !important; outline: initial !important; padding: initial !important; position: absolute; table-layout: initial !important; text-align: initial !important; text-shadow: initial !important; width: initial !important; word-break: initial !important; word-spacing: initial !important; overflow-wrap: initial !important; box-sizing: initial !important; display: initial !important; color: inherit !important; font-size: 13px !important; font-family: X-LocaleSpecific, sans-serif, Tahoma, Helvetica !important; line-height: 13px !important; vertical-align: top !important; white-space: inherit !important; left: 87px; top: 2912px; opacity: 0.6;\" id=\"s3gt_translate_tooltip_mini\" class=\"s3gt_translate_tooltip_mini_box\" is_mini=\"true\">\n<div id=\"s3gt_translate_tooltip_mini_logo\" class=\"s3gt_translate_tooltip_mini\" title=\"Traduci il testo selezionato\"><\/div>\n<div id=\"s3gt_translate_tooltip_mini_sound\" class=\"s3gt_translate_tooltip_mini\" title=\"Pronuncia\" title_play=\"Pronuncia\" title_stop=\"Stop\"><\/div>\n<div id=\"s3gt_translate_tooltip_mini_copy\" class=\"s3gt_translate_tooltip_mini\" title=\"Copia il testo negli appunti\"><\/div>\n<\/div>\n<p>[\/et_pb_text][\/et_pb_column][\/et_pb_row][\/et_pb_section][et_pb_section fb_built=&#8221;1&#8243; _builder_version=&#8221;3.19.12&#8243; custom_padding=&#8221;0|0px|0|0px|false|false&#8221;][et_pb_row use_custom_width=&#8221;on&#8221; width_unit=&#8221;off&#8221; custom_width_percent=&#8221;100%&#8221; custom_padding=&#8221;35px|0px|27px|0px|false|false&#8221; custom_margin=&#8221;|||0px&#8221; disabled_on=&#8221;off|off|off&#8221; _builder_version=&#8221;3.19.12&#8243; background_color=&#8221;#1e1e1e&#8221; background_image=&#8221;https:\/\/isaporidellacollinaditorino.com\/wp-content\/uploads\/2018\/05\/BANNER_TorinoGrey-1-e1528386801986-1.jpg&#8221; background_position=&#8221;top_center&#8221; background_blend=&#8221;overlay&#8221; module_alignment=&#8221;center&#8221; global_module=&#8221;1905&#8243; saved_tabs=&#8221;all&#8221;][et_pb_column type=&#8221;1_5&#8243; _builder_version=&#8221;3.19.3&#8243; parallax=&#8221;off&#8221; parallax_method=&#8221;on&#8221;][\/et_pb_column][et_pb_column type=&#8221;1_5&#8243; _builder_version=&#8221;3.19.3&#8243; parallax=&#8221;off&#8221; parallax_method=&#8221;on&#8221;][et_pb_image src=&#8221;https:\/\/isaporidellacollinaditorino.com\/wp-content\/uploads\/2018\/05\/image823.png&#8221; show_bottom_space=&#8221;off&#8221; _builder_version=&#8221;3.19.4&#8243; border_radii=&#8221;on|21px|21px|21px|21px&#8221; max_width=&#8221;22%&#8221; module_alignment=&#8221;center&#8221; custom_margin=&#8221;0px||15px&#8221;][\/et_pb_image][et_pb_text _builder_version=&#8221;3.19.4&#8243; text_font=&#8221;||on||||||&#8221; text_text_color=&#8221;rgba(255,255,255,0.87)&#8221; text_font_size_last_edited=&#8221;off|desktop&#8221; header_font=&#8221;||||||||&#8221; max_width=&#8221;90%&#8221; module_alignment=&#8221;center&#8221; custom_margin=&#8221;|||25px&#8221;]<\/p>\n<p style=\"text-align: center;\">\u201cFin da bambino seguivo mio nonno che oltre ad essere cacciatore, era triful\u00e8 come si dice in torinese, tartufaio. Lo vedevo uscire di casa al mattino presto, quando era ancora buio, per recarsi, segretamente, con i suoi cani fidati nelle valli circostanti alla ricerca del prezioso Tuber Magnatum Pico (tartufo bianco pregiato). La passione di mio nonno era, oltre la ricerca, l\u2019addestramento dei cani da tartufo, passione che mi ha trasmesso dopo avermi insegnato passo per passo\u201d<\/p>\n<p>&nbsp;<\/p>\n<p>[\/et_pb_text][\/et_pb_column][et_pb_column type=&#8221;1_5&#8243; _builder_version=&#8221;3.19.3&#8243; parallax=&#8221;off&#8221; parallax_method=&#8221;on&#8221;][et_pb_social_media_follow follow_button=&#8221;on&#8221; _builder_version=&#8221;3.19.4&#8243; border_color_all=&#8221;rgba(255,255,255,0.28)&#8221; text_orientation=&#8221;center&#8221; background_layout=&#8221;dark&#8221; filter_hue_rotate=&#8221;359deg&#8221; filter_saturate=&#8221;115%&#8221; filter_brightness=&#8221;105%&#8221; filter_contrast=&#8221;98%&#8221; filter_sepia=&#8221;1%&#8221;][et_pb_social_media_follow_network social_network=&#8221;facebook&#8221; url=&#8221;https:\/\/www.facebook.com\/Sapori-della-collina-di-Torino-2129286640652210\/&#8221; _builder_version=&#8221;3.19.3&#8243; background_color=&#8221;#3b5998&#8243; follow_button=&#8221;on&#8221; url_new_window=&#8221;on&#8221;]facebook[\/et_pb_social_media_follow_network][et_pb_social_media_follow_network social_network=&#8221;instagram&#8221; url=&#8221;https:\/\/www.instagram.com\/sapori_collina_torino\/&#8221; _builder_version=&#8221;3.19.3&#8243; background_color=&#8221;#ea2c59&#8243; follow_button=&#8221;on&#8221; url_new_window=&#8221;on&#8221;]instagram[\/et_pb_social_media_follow_network][\/et_pb_social_media_follow][\/et_pb_column][et_pb_column type=&#8221;1_5&#8243; _builder_version=&#8221;3.19.3&#8243; parallax=&#8221;off&#8221; parallax_method=&#8221;on&#8221;][et_pb_text _builder_version=&#8221;3.19.12&#8243; text_font=&#8221;||on||||||&#8221; text_text_color=&#8221;rgba(255,255,255,0.87)&#8221;]<\/p>\n<p>I Sapori della Collina di Torino di Luca Bann\u00f2<\/p>\n<p>Sede Legale: Regione Tetti Sachero 23<br \/> 10090 Sciolze (TO)<\/p>\n<p style=\"text-align: left;\">P.IVA: IT11574690019<\/p>\n<p>E-mail: info@isaporidellacollinaditorino.com<\/p>\n<p>[\/et_pb_text][\/et_pb_column][et_pb_column type=&#8221;1_5&#8243; _builder_version=&#8221;3.19.3&#8243; parallax=&#8221;off&#8221; parallax_method=&#8221;on&#8221;][\/et_pb_column][\/et_pb_row][\/et_pb_section]<\/p>\n","protected":false},"excerpt":{"rendered":"<p>THE HISTORY OF TRUFFLES \u00a0 WHAT ARE TRUFFLES &nbsp; Truffle\u2019s biological cycle (Picture from the manual \u201cRegione Piemonte per sostenere l\u2019esame abilitazione alla ricerca del tartufo\u201d \u2013Regione Piemonte to undergo the qualifying examination for truffle hunting-www.regione.piemonte.it). Truffles are an underground fungi (hypogeous) belonging to the Ascomycota division, divided into several species and gathered according to [&hellip;]<\/p>\n","protected":false},"author":1,"featured_media":1527,"parent":0,"menu_order":0,"comment_status":"closed","ping_status":"closed","template":"","meta":{"_et_pb_use_builder":"on","_et_pb_old_content":"<h3><span style=\"font-size: 14pt;\"><strong>CHE COS\u2019\u00c8 IL TARTUFO<\/strong><\/span><\/h3>\r\n<strong><img class=\"aligncenter wp-image-645 \" src=\"http:\/\/argo.business\/isapor68_isaporidellacollina\/wp-content\/uploads\/2018\/05\/cicloTartufo.jpg\" alt=\"\" width=\"768\" height=\"452\"><\/strong>\r\n<p style=\"text-align: right;\"><span style=\"font-size: 8pt;\"><em><strong>Il ciclo biologico del tartufo (Immagine tratta dal manuale Regione Piemonte per sostenere l\u2019esame abilitazione alla ricerca del tartufo www.regione.piemonte.it).<\/strong><\/em><\/span><\/p>\r\n<p style=\"text-align: justify;\">I tartufi sono funghi sotterranei (ipogei) della classe degli Ascomiceti, suddivisi in numerose specie, raggruppate in diversi generi e famiglie, ma i tartufi pi\u00f9 importanti appartengono al genere Tuber. Non devono essere confusi con i tuberi, che sono particolari forme di fusto, come la patata. Il nome di tartufo designa sia il fungo in generale sia il suo corpo fruttifero (sporocarpo o carpoforo), che \u00e8 ci\u00f2 che viene ricercato e commercializzato. La parte esterna del corpo fruttifero \u00e8 detta peridio ed \u00e8 costituita da una sottile scorza, che pu\u00f2 essere liscia o pi\u00f9 o meno rugosa, a seconda delle specie. Anche la colorazione del peridio \u00e8 molto variabile, dalle tonalit\u00e0 giallo ocra alle rosate sino al marrone molto scuro, quasi nero, a seconda della specie e del grado di maturazione. La parte interna, meno compatta del peridio, \u00e8 detta gleba, e la sua struttura \u00e8 quella che caratterizza in modo pi\u00f9 specifico le varie specie; la gleba infatti \u00e8 percorsa da diverse venature, formate da fasci di filamenti del micelio, di forma sinuosa, che si distinguono sia per tipologia che per colore.<\/p>\r\n<p style=\"text-align: justify;\">All\u2019interno della gleba le venature delimitano degli alveoli in cui sono immerse delle grosse strutture cellulari dette aschi. All\u2019interno degli aschi sono contenute le spore, che, germinando, daranno origine ad un nuovo micelio che potr\u00e0 infettare altri apici radicali. I tartufi, come gli altri funghi, sono privi di clorofilla e non possono elaborare autonomamente la sostanza organica necessaria al loro sviluppo. Generalmente traggono la sostanza organica necessaria al loro sviluppo da piante arboree, stabilendo con queste un rapporto di simbiosi mutualistica, chiamata cos\u00ec perch\u00e9 entrambe le parti ne traggono vantaggio. La simbiosi avviene a livello delle radici della pianta per mezzo delle ife, lunghi filamenti cellulari che insieme costituiscono il micelio, ovvero la struttura vegetativa dei funghi. Le ife avvolgono con un intreccio le radichette terminali<\/p>\r\n<p style=\"text-align: justify;\">dell\u2019albero e si insinuano tra i primi strati di cellule delle radici, formando un reticolo. Dalla micorriza si estendono molte ife che permettono al fungo di esplorare una porzione maggiore di terreno e quindi di assorbirne le sostanze nutritive presenti. Il fungo assorbe le sostanze organiche elaborate dalla pianta, mentre la pianta, tramite la fitta rete di filamenti del fungo, riesce ad assorbire con pi\u00f9 facilit\u00e0 acqua e sali minerali dal terreno. Lo sviluppo del tartufo avviene sotto terra per tutto il suo ciclo vitale, ad una profondit\u00e0 variabile tra i 5 e i 30 cm e oltre; si riproduce tramite le spore, che danno origine al micelio, il quale a sua volta micorrizzer\u00e0 le radici di altre piante. Dal micelio, in particolari condizioni di clima e di terreno, si potr\u00e0 sviluppare un corpo fruttifero, completando il ciclo. La rete di filamenti del micelio \u00e8 molto sottile e non facilmente individuabile, tanto che il corpo fruttifero spesso appare isolato nel terreno. I tartufi hanno una forma generalmente globosa pi\u00f9 o meno irregolare, e le loro dimensioni possono variare, a seconda della specie, dalla grandezza di una nocciola fino a quella di un pugno, con numerose eccezioni. Le dimensioni sono influenzate anche dalle condizioni climatiche e dalla tipologia del terreno in cui si sviluppano. (Descrizione tratta da manuale Regione Piemonte per sostenere l\u2019esame abilitazione alla ricerca del tartufo www.regione.piemonte.it).<\/p>\r\n\r\n<h3><span style=\"font-size: 14pt;\"><strong>IL MONDO ANTICO<\/strong><\/span><\/h3>\r\n<p style=\"text-align: justify;\">Il Tartufo \u00e8 certamente conosciuto da un\u2019et\u00e0 remotissima, ma non si pu\u00f2 essere certi che gli storici dell\u2019antichit\u00e0 parlassero realmente di questo, oppure di altri funghi ipogei. Perci\u00f2 \u00e8 solo un\u2019ipotesi la presenza del tartufo nella dieta di Sumeri ed Ebrei, intorno al 1700\u20131600 a.C. Le prime notizie certe compaiono nella Naturalis Historia, dell\u2019erudito latino Plinio il Vecchio (79 d.C.).\r\nGli aneddoti riportati dimostrano che il tartufo, in latino definito semplicemente Tuber, era assai apprezzato alla tavola dei Romani, i quali raccolsero certamente dagli Etruschi l\u2019uso culinario di questo fungo. Nel primo secolo d.C., grazie al filosofo greco Plutarco di Cheronea, si tramand\u00f2 l\u2019idea che il prezioso fungo nascesse dall\u2019azione combinata dell\u2019acqua, del calore e dei fulmini. Da qui trassero ispirazione vari poeti; uno di questi, Giovenale, spieg\u00f2 l\u2019origine del prezioso fungo come frutto di un fulmine scagliato da Giove in prossimit\u00e0 di una quercia (albero ritenuto sacro al padre degli D\u00e8i). Poich\u00e9 Giove era anche famoso per la sua prodigiosa attivit\u00e0 sessuale, al tartufo da sempre si sono attribuite qualit\u00e0 afrodisiache. (Testo tratto dal sito www.tuber.it)\r\n<h3><span style=\"font-size: 14pt;\"><strong>IL MEDIOEVO E IL RINASCIMENTO<\/strong><\/span><\/h3>\r\n<p style=\"text-align: justify;\">Per lungo tempo i naturalisti sono stati in disaccordo sulla classificazione del tartufo. Qualcuno lo definiva una pianta, altri un\u2019escrescenza del terreno, o addirittura un animale! A prescindere dalle credenze comunque il tartufo rimase sempre un cibo altamente apprezzato, soprattutto nelle mense di nobili ed alti prelati. Ma il tartufo sugger\u00ec pure concetti totalmente diversi. Per alcuni \u201cscienziati\u201d dell\u2019epoca, il suo aroma era una sorta di \u201cquinta essenza\u201d che provocava sull\u2019essere umano un effetto estatico. Il tartufo quindi come sublime sintesi della soddisfazione dei sensi a rappresentare l\u2019essenza di un piacere superiore. (Testo tratto dal sito www.tuber.it)<\/p>\r\n<img class=\"size-full wp-image-821 aligncenter\" src=\"https:\/\/isaporidellacollinaditorino.com\/wp-content\/uploads\/2018\/06\/nonnoTartufo.png\" alt=\"\" width=\"232\" height=\"332\">\r\n<p style=\"text-align: right;\"><span style=\"font-size: 8pt;\"><em><strong>EUGENIO AGNELLO detto il genio con un Tuber Magnatum Pico di 1.340 grammi anno 1971<\/strong><\/em><\/span><\/p>\r\n\r\n<h3><span style=\"font-size: 14pt;\"><strong>IL TARTUFO PIEMONTESE E DI ALBA<\/strong><\/span><\/h3>\r\n<p style=\"text-align: justify;\">Nel Settecento il tartufo piemontese era considerato presso tutte le corti europee un alimento tra i pi\u00f9 ghiotti. Tra i grandi estimatori di questo \u201cfrutto della terra\u201d non va dimenticato il musicista Gioacchino Rossini, che lo defin\u00ec \u201cil Mozart dei funghi\u201d. Il tartufo bianco piemontese \u00e8 sempre stato considerato il pi\u00f9 pregiato, ma solo nel \u2018900, il Tartufo d\u2019Alba ha acquistato fama mondiale, grazie alla geniale opera di promozione svolta da Giacomo Morra, albergatore e ristoratore di Alba, giustamente \u201cincoronato\u201d Re dei Tartufi gi\u00e0 nel 1933 dal Times di Londra. (Testo tratto dal sito www.tuber.it)<\/p>\r\n\r\n<h3><strong><span style=\"font-size: 14pt;\">Il TARTUFO DELLE COLLINE TORINESI<\/span><\/strong><\/h3>\r\n<p style=\"text-align: justify;\">Nonostante il tartufo abbia origini antichissime, \u00e8 solo a partire dal settecento che si effettuano i primi studi scientifici. Pi\u00f9 precisamente, nel 1788 nasce il nome latino Tuber Magnatum: ad inventarlo \u00e8 stato un medico torinese Dott. Vittorio Pico, che defin\u00ec il tartufo bianco come il \u201ctartufo dei magnati\u201d.<\/p>\r\n<p style=\"text-align: justify;\">I Savoia, amanti sfegatati del tartufo, lo inviavano come \u201cdono diplomatico\u201d a tutte le altre corti europee, invitavano amici e persone influenti alle loro battute di ricerca del tartufo nelle colline torinesi lanciando una moda fra i nobili Europei e dando il via al mito del tartufo bianco.<\/p>\r\n<p style=\"text-align: justify;\">Il torinese \u00e8 ricco di tartufo, iniziando con i suoi meravigliosi parchi con piante storiche che da centinaia di anni producono il famoso tartufo bianco d\u2019Alba. (ricordiamo che Alba \u00e8 la denominazione del tartufo, non la provenienza) Passando alle meravigliose colline dove nei fondo valle i tartufai cavano tartufi sia bianchi che neri. Terminando a Rivalba, splendido paesino dove da moltissimi anni si svolge la fiera del tartufo bianco delle colline torinesi diventata da alcuni anni Nazionale.<\/p>","_et_gb_content_width":"","footnotes":""},"class_list":["post-1524","page","type-page","status-publish","has-post-thumbnail","hentry"],"_links":{"self":[{"href":"https:\/\/isaporidellacollinaditorino.com\/en\/wp-json\/wp\/v2\/pages\/1524","targetHints":{"allow":["GET"]}}],"collection":[{"href":"https:\/\/isaporidellacollinaditorino.com\/en\/wp-json\/wp\/v2\/pages"}],"about":[{"href":"https:\/\/isaporidellacollinaditorino.com\/en\/wp-json\/wp\/v2\/types\/page"}],"author":[{"embeddable":true,"href":"https:\/\/isaporidellacollinaditorino.com\/en\/wp-json\/wp\/v2\/users\/1"}],"replies":[{"embeddable":true,"href":"https:\/\/isaporidellacollinaditorino.com\/en\/wp-json\/wp\/v2\/comments?post=1524"}],"version-history":[{"count":6,"href":"https:\/\/isaporidellacollinaditorino.com\/en\/wp-json\/wp\/v2\/pages\/1524\/revisions"}],"predecessor-version":[{"id":1990,"href":"https:\/\/isaporidellacollinaditorino.com\/en\/wp-json\/wp\/v2\/pages\/1524\/revisions\/1990"}],"wp:featuredmedia":[{"embeddable":true,"href":"https:\/\/isaporidellacollinaditorino.com\/en\/wp-json\/wp\/v2\/media\/1527"}],"wp:attachment":[{"href":"https:\/\/isaporidellacollinaditorino.com\/en\/wp-json\/wp\/v2\/media?parent=1524"}],"curies":[{"name":"wp","href":"https:\/\/api.w.org\/{rel}","templated":true}]}}