{"id":1532,"date":"2019-01-09T17:19:28","date_gmt":"2019-01-09T17:19:28","guid":{"rendered":"https:\/\/isaporidellacollinaditorino.com\/?page_id=1532"},"modified":"2019-02-06T16:17:14","modified_gmt":"2019-02-06T16:17:14","slug":"truffle-turism-2","status":"publish","type":"page","link":"https:\/\/isaporidellacollinaditorino.com\/en\/truffle-turism-2\/","title":{"rendered":"Truffle Turism"},"content":{"rendered":"<p>[et_pb_section fb_built=&#8221;1&#8243; admin_label=&#8221;section&#8221; _builder_version=&#8221;3.0.47&#8243; custom_padding=&#8221;0|0px|0|0px|false|false&#8221;][et_pb_row use_custom_width=&#8221;on&#8221; width_unit=&#8221;off&#8221; custom_width_percent=&#8221;100%&#8221; custom_padding=&#8221;100px|0px|100px|0px|false|false&#8221; custom_padding_last_edited=&#8221;on|desktop&#8221; _builder_version=&#8221;3.19.3&#8243; background_image=&#8221;https:\/\/isaporidellacollinaditorino.com\/wp-content\/uploads\/2018\/07\/assGrey.png&#8221; background_position=&#8221;top_center&#8221; border_radii=&#8221;|||15px|15px&#8221;][et_pb_column type=&#8221;4_4&#8243; _builder_version=&#8221;3.19.3&#8243; parallax=&#8221;off&#8221; parallax_method=&#8221;on&#8221;][et_pb_text _builder_version=&#8221;3.19.4&#8243; text_font=&#8221;||||||||&#8221; text_text_color=&#8221;#ffffff&#8221; header_font=&#8221;||||||||&#8221; header_text_color=&#8221;rgba(255,255,255,0.96)&#8221; custom_margin=&#8221;||&#8221;]<\/p>\n<h1 style=\"text-align: center;\">TRUFFLE TURISM<\/h1>\n<p>[\/et_pb_text][\/et_pb_column][\/et_pb_row][et_pb_row admin_label=&#8221;row&#8221; _builder_version=&#8221;3.0.48&#8243; background_size=&#8221;initial&#8221; background_position=&#8221;top_left&#8221; background_repeat=&#8221;repeat&#8221;][et_pb_column type=&#8221;4_4&#8243; _builder_version=&#8221;3.0.47&#8243; parallax=&#8221;off&#8221; parallax_method=&#8221;on&#8221;][et_pb_text admin_label=&#8221;Text&#8221; _builder_version=&#8221;3.19.9&#8243; background_size=&#8221;initial&#8221; background_position=&#8221;top_left&#8221; background_repeat=&#8221;repeat&#8221;]<\/p>\n<p>A truffle lover cannot live a more exciting experience. A truffle hunter together with a truffle dog will lead the tourists through the wood looking for the refined hypogeous fungus. A Truffle hunter is guided only by dog smell and intuition achieved through experience.<\/p>\n<p><img loading=\"lazy\" decoding=\"async\" class=\"aligncenter size-full wp-image-846\" src=\"https:\/\/isaporidellacollinaditorino.com\/wp-content\/uploads\/2018\/07\/turismo1-1.png\" alt=\"\" width=\"643\" height=\"362\" \/><\/p>\n<p>At the beginning truffles will be explained in general, i.e. several typologies, truffle hunting, dog training methods and several in force regulations.<\/p>\n<p>Afterwards we will enter the wood, where we\u2019ll find a fortune, if we\u2019re lucky. We have different kinds of places for our search, some are more challenging, for people loving trekking and that have suitable equipment, while others are easier for kids and elderly people so that everyone can enjoy such a wonderful adventure!<\/p>\n<p>Truffle hunting can take place even in the evening, if requested, as it\u2019s allowed in Piedmont: \u201cTruffle charme is based on its search. In the night, in the wood, secretly, truffle hunters pass through the night mist with their dogs ahead, looking for reference points through the trees searching that plant which guaranteed a lucky collection the previous year. Practice and information about favourable places are often verbally passed on from generation to generation or rather noted in diaries which must not absolutely be shared\u201d.<\/p>\n<p>&nbsp;<\/p>\n<p><img loading=\"lazy\" decoding=\"async\" class=\"aligncenter size-full wp-image-850\" src=\"https:\/\/isaporidellacollinaditorino.com\/wp-content\/uploads\/2018\/07\/turismo2.png\" alt=\"\" srcset=\"https:\/\/isaporidellacollinaditorino.com\/wp-content\/uploads\/2018\/07\/turismo2.png 643w, https:\/\/isaporidellacollinaditorino.com\/wp-content\/uploads\/2018\/07\/turismo2-300x200.png 300w, https:\/\/isaporidellacollinaditorino.com\/wp-content\/uploads\/2018\/07\/turismo2-600x400.png 600w\" sizes=\"(max-width: 643px) 100vw, 643px\" width=\"643\" height=\"429\" \/><\/p>\n<p>Here you can find some useful details and information about our guided tours:<\/p>\n<ul>\n<li>Duration:\u00a02 hours.<\/li>\n<li>Timetable: 00 am, 2.00 pm, after 10.00 pm<\/li>\n<li>Clothing: trekking shoes or boots, sport clothing or suitable for short country trip and K-way in case of rain.<\/li>\n<li>Details: guided tour and direct experience of truffle hunting together with the truffle dog during the accurate hunting, always together with truffle hunter. Lapdogs are not allowed during such tour in order not to distract our dogs during hunting.<\/li>\n<li>Snack or lunch: if you like, you could ask to combine the tour with a typical \u201cTruffle hunter snack\u201d, including typical local food and wines. You can choose to have it either in the wood or in a nice villa with swimming pool surrounded by the green hills.<\/li>\n<li>Costs: basic cost for truffle hunting up to 2 persons 100 Euro \/ Each additional person 20 Euro \/ For groups price will be agreed \/ Interpreter Euro 80 \/ Kids up to 10 years free<\/li>\n<\/ul>\n<p>In case of numerous groups over 15 people, we suggest to split into two groups.<\/p>\n<p>&nbsp;<\/p>\n<p>[\/et_pb_text][\/et_pb_column][\/et_pb_row][\/et_pb_section][et_pb_section fb_built=&#8221;1&#8243; _builder_version=&#8221;3.19.12&#8243; custom_padding=&#8221;0|0px|0|0px|false|false&#8221;][et_pb_row use_custom_width=&#8221;on&#8221; width_unit=&#8221;off&#8221; custom_width_percent=&#8221;100%&#8221; custom_padding=&#8221;35px|0px|27px|0px|false|false&#8221; custom_margin=&#8221;|||0px&#8221; disabled_on=&#8221;off|off|off&#8221; _builder_version=&#8221;3.19.12&#8243; background_color=&#8221;#1e1e1e&#8221; background_image=&#8221;https:\/\/isaporidellacollinaditorino.com\/wp-content\/uploads\/2018\/05\/BANNER_TorinoGrey-1-e1528386801986-1.jpg&#8221; background_position=&#8221;top_center&#8221; background_blend=&#8221;overlay&#8221; module_alignment=&#8221;center&#8221; global_module=&#8221;1905&#8243; saved_tabs=&#8221;all&#8221;][et_pb_column type=&#8221;1_5&#8243; _builder_version=&#8221;3.19.3&#8243; parallax=&#8221;off&#8221; parallax_method=&#8221;on&#8221;][\/et_pb_column][et_pb_column type=&#8221;1_5&#8243; _builder_version=&#8221;3.19.3&#8243; parallax=&#8221;off&#8221; parallax_method=&#8221;on&#8221;][et_pb_image src=&#8221;https:\/\/isaporidellacollinaditorino.com\/wp-content\/uploads\/2018\/05\/image823.png&#8221; show_bottom_space=&#8221;off&#8221; _builder_version=&#8221;3.19.4&#8243; border_radii=&#8221;on|21px|21px|21px|21px&#8221; max_width=&#8221;22%&#8221; module_alignment=&#8221;center&#8221; custom_margin=&#8221;0px||15px&#8221;][\/et_pb_image][et_pb_text _builder_version=&#8221;3.19.4&#8243; text_font=&#8221;||on||||||&#8221; text_text_color=&#8221;rgba(255,255,255,0.87)&#8221; text_font_size_last_edited=&#8221;off|desktop&#8221; header_font=&#8221;||||||||&#8221; max_width=&#8221;90%&#8221; module_alignment=&#8221;center&#8221; custom_margin=&#8221;|||25px&#8221;]<\/p>\n<p style=\"text-align: center;\">\u201cFin da bambino seguivo mio nonno che oltre ad essere cacciatore, era triful\u00e8 come si dice in torinese, tartufaio. Lo vedevo uscire di casa al mattino presto, quando era ancora buio, per recarsi, segretamente, con i suoi cani fidati nelle valli circostanti alla ricerca del prezioso Tuber Magnatum Pico (tartufo bianco pregiato). La passione di mio nonno era, oltre la ricerca, l\u2019addestramento dei cani da tartufo, passione che mi ha trasmesso dopo avermi insegnato passo per passo\u201d<\/p>\n<p>&nbsp;<\/p>\n<p>[\/et_pb_text][\/et_pb_column][et_pb_column type=&#8221;1_5&#8243; _builder_version=&#8221;3.19.3&#8243; parallax=&#8221;off&#8221; parallax_method=&#8221;on&#8221;][et_pb_social_media_follow follow_button=&#8221;on&#8221; _builder_version=&#8221;3.19.4&#8243; border_color_all=&#8221;rgba(255,255,255,0.28)&#8221; text_orientation=&#8221;center&#8221; background_layout=&#8221;dark&#8221; filter_hue_rotate=&#8221;359deg&#8221; filter_saturate=&#8221;115%&#8221; filter_brightness=&#8221;105%&#8221; filter_contrast=&#8221;98%&#8221; filter_sepia=&#8221;1%&#8221;][et_pb_social_media_follow_network social_network=&#8221;facebook&#8221; url=&#8221;https:\/\/www.facebook.com\/Sapori-della-collina-di-Torino-2129286640652210\/&#8221; _builder_version=&#8221;3.19.3&#8243; background_color=&#8221;#3b5998&#8243; follow_button=&#8221;on&#8221; url_new_window=&#8221;on&#8221;]facebook[\/et_pb_social_media_follow_network][et_pb_social_media_follow_network social_network=&#8221;instagram&#8221; url=&#8221;https:\/\/www.instagram.com\/sapori_collina_torino\/&#8221; _builder_version=&#8221;3.19.3&#8243; background_color=&#8221;#ea2c59&#8243; follow_button=&#8221;on&#8221; url_new_window=&#8221;on&#8221;]instagram[\/et_pb_social_media_follow_network][\/et_pb_social_media_follow][\/et_pb_column][et_pb_column type=&#8221;1_5&#8243; _builder_version=&#8221;3.19.3&#8243; parallax=&#8221;off&#8221; parallax_method=&#8221;on&#8221;][et_pb_text _builder_version=&#8221;3.19.12&#8243; text_font=&#8221;||on||||||&#8221; text_text_color=&#8221;rgba(255,255,255,0.87)&#8221;]<\/p>\n<p>I Sapori della Collina di Torino di Luca Bann\u00f2<\/p>\n<p>Sede Legale: Regione Tetti Sachero 23<br \/> 10090 Sciolze (TO)<\/p>\n<p style=\"text-align: left;\">P.IVA: IT11574690019<\/p>\n<p>E-mail: info@isaporidellacollinaditorino.com<\/p>\n<p>[\/et_pb_text][\/et_pb_column][et_pb_column type=&#8221;1_5&#8243; _builder_version=&#8221;3.19.3&#8243; parallax=&#8221;off&#8221; parallax_method=&#8221;on&#8221;][\/et_pb_column][\/et_pb_row][\/et_pb_section]<\/p>\n","protected":false},"excerpt":{"rendered":"<p>TRUFFLE TURISMA truffle lover cannot live a more exciting experience. A truffle hunter together with a truffle dog will lead the tourists through the wood looking for the refined hypogeous fungus. A Truffle hunter is guided only by dog smell and intuition achieved through experience. At the beginning truffles will be explained in general, i.e. [&hellip;]<\/p>\n","protected":false},"author":1,"featured_media":0,"parent":0,"menu_order":0,"comment_status":"closed","ping_status":"closed","template":"","meta":{"_et_pb_use_builder":"on","_et_pb_old_content":"<p style=\"text-align: justify;\">\u00c8 l'esperienza pi\u00f9 emozionante per un appassionato di tartufi. Un cercatore accompagnato dal cane condurr\u00e0 turisti nel bosco alla ricerca del prezioso fungo ipogeo, guidato solo dal fiuto dell'animale e dall'intuito maturato in anni di esperienza.<\/p>\r\n<img class=\"aligncenter size-full wp-image-846\" src=\"https:\/\/isaporidellacollinaditorino.com\/wp-content\/uploads\/2018\/07\/turismo1-1.png\" alt=\"\" width=\"643\" height=\"362\" \/>\r\n<p style=\"text-align: justify;\">La ricerca inizier\u00e0 con una spiegazione generale su tutto il vasto mondo del tartufo: le sue diverse tipologie, la ricerca con il cane, i metodi di addestramento e le diverse normative in vigore.<\/p>\r\n<p style=\"text-align: justify;\">Successivamente ci addentreremo nel bosco (abbiamo diversi luoghi di cerca alcuni pi\u00f9 impegnativi, adatti a persone che amano camminare e che sono attrezzati idoneamente; mentre altri pi\u00f9 facili e comodi per bambini e anziani cosicch\u00e9 tutti possano godersi questa meravigliosa avventura!) dove, se avremo fortuna, troveremo un bel bottino!<\/p>\r\n<p style=\"text-align: justify;\">La ricerca pu\u00f2 essere effettuata, su richiesta, anche in notturna. in Piemonte essa \u00e8 consentita: \u201cAlla base del fascino del Tartufo c\u2019\u00e8 la ricerca. Nella notte, in aree boschive, nella segretezza assoluta, uomini preceduti dal loro cane, fendono le brume notturne cercando riferimenti tra le piante alla ricerca di un albero che l\u2019anno precedente ha garantito una raccolta fortunata. Pratiche e informazioni su luoghi propizi sono spesso tramandate di generazione in generazione verbalmente o al massimo annotate su quaderni o agende assolutamente non divulgabili\u201d.<\/p>\r\n<img class=\"aligncenter size-full wp-image-850\" src=\"https:\/\/isaporidellacollinaditorino.com\/wp-content\/uploads\/2018\/07\/turismo2-1.png\" alt=\"\" width=\"643\" height=\"429\" \/>\r\n<p style=\"text-align: justify;\">Alcuni dettagli e informazioni utili per le nostre visite guidate:<\/p>\r\n\r\n<ul style=\"text-align: justify;\">\r\n \t<li>Durata della visita:\u00a02 ore.<\/li>\r\n \t<li>Orari: mattino ore 9.00, Pomeriggio ore 14.00 , Notte dopo le 22.00<\/li>\r\n \t<li>Abbigliamento: scarpe da trekking o stivali, abbigliamento sportivo o comunque adatto ad una breve escursione in campagna e k-way in caso di pioggia.<\/li>\r\n \t<li>Dettagli: visita guidata con esperienza diretta di ricerca del tartufo, con possibilit\u00e0 di accompagnare il cane nella meticolosa ricerca, sempre affiancati dal Triful\u00e8. Non \u00e8 consentito portare cani da compagnia, questo per non distogliere l\u2019attenzione dei nostri cani durante la ricerca.<\/li>\r\n \t<li>Merenda del Triful\u00e8 o pranzo: \u00e8 possibile aggiungere alla visita guidata anche la \"merenda tipica del Triful\u00e8\", che include prodotti tipici del luogo accompagnati da vini locali. La merenda del Triful\u00e8 potr\u00e0 essere consumata nel bosco oppure in una bellissima villa con piscina immersa nel verde.<\/li>\r\n \t<li>Costi: costo base ricerca fino a 2 persone 100 Euro\/ Per ogni persona aggiunta 20 Euro | Per gruppi e comitive il prezzo potr\u00e0 essere concordato telefonicamente\/ Interprete Euro 80\/ Bambini fino a 10 anni gratis<\/li>\r\n<\/ul>\r\n<p style=\"text-align: justify;\">Ai gruppi numerosi, superiori alle 15 persone, \u00e8 consigliabile di dividersi in due.<\/p>","_et_gb_content_width":"","footnotes":""},"class_list":["post-1532","page","type-page","status-publish","hentry"],"_links":{"self":[{"href":"https:\/\/isaporidellacollinaditorino.com\/en\/wp-json\/wp\/v2\/pages\/1532","targetHints":{"allow":["GET"]}}],"collection":[{"href":"https:\/\/isaporidellacollinaditorino.com\/en\/wp-json\/wp\/v2\/pages"}],"about":[{"href":"https:\/\/isaporidellacollinaditorino.com\/en\/wp-json\/wp\/v2\/types\/page"}],"author":[{"embeddable":true,"href":"https:\/\/isaporidellacollinaditorino.com\/en\/wp-json\/wp\/v2\/users\/1"}],"replies":[{"embeddable":true,"href":"https:\/\/isaporidellacollinaditorino.com\/en\/wp-json\/wp\/v2\/comments?post=1532"}],"version-history":[{"count":8,"href":"https:\/\/isaporidellacollinaditorino.com\/en\/wp-json\/wp\/v2\/pages\/1532\/revisions"}],"predecessor-version":[{"id":1992,"href":"https:\/\/isaporidellacollinaditorino.com\/en\/wp-json\/wp\/v2\/pages\/1532\/revisions\/1992"}],"wp:attachment":[{"href":"https:\/\/isaporidellacollinaditorino.com\/en\/wp-json\/wp\/v2\/media?parent=1532"}],"curies":[{"name":"wp","href":"https:\/\/api.w.org\/{rel}","templated":true}]}}